{"id":11,"date":"2023-07-13T19:04:24","date_gmt":"2023-07-13T23:04:24","guid":{"rendered":"https:\/\/optimusdev.com.br\/benisolar\/?page_id=11"},"modified":"2024-12-10T13:53:41","modified_gmt":"2024-12-10T17:53:41","slug":"projetos","status":"publish","type":"page","link":"https:\/\/optimusdev.com.br\/benisolar\/projetos\/","title":{"rendered":"Projetos"},"content":{"rendered":"\t\t<div data-elementor-type=\"wp-page\" data-elementor-id=\"11\" class=\"elementor elementor-11\" data-elementor-post-type=\"page\">\n\t\t\t\t<div class=\"elementor-element elementor-element-34c5424 e-flex e-con-boxed e-con e-parent\" data-id=\"34c5424\" data-element_type=\"container\" data-settings=\"{&quot;background_background&quot;:&quot;slideshow&quot;,&quot;background_slideshow_gallery&quot;:[{&quot;id&quot;:210,&quot;url&quot;:&quot;https:\\\/\\\/optimusdev.com.br\\\/benisolar\\\/wp-content\\\/uploads\\\/2023\\\/07\\\/ecopop-energia-solar-14.jpg&quot;},{&quot;id&quot;:211,&quot;url&quot;:&quot;https:\\\/\\\/optimusdev.com.br\\\/benisolar\\\/wp-content\\\/uploads\\\/2023\\\/07\\\/ecopop-energia-solar-15.jpg&quot;},{&quot;id&quot;:212,&quot;url&quot;:&quot;https:\\\/\\\/optimusdev.com.br\\\/benisolar\\\/wp-content\\\/uploads\\\/2023\\\/07\\\/ecopop-energia-solar-16.jpg&quot;}],&quot;background_slideshow_ken_burns&quot;:&quot;yes&quot;,&quot;background_slideshow_loop&quot;:&quot;yes&quot;,&quot;background_slideshow_slide_duration&quot;:5000,&quot;background_slideshow_slide_transition&quot;:&quot;fade&quot;,&quot;background_slideshow_transition_duration&quot;:500,&quot;background_slideshow_ken_burns_zoom_direction&quot;:&quot;in&quot;}\">\n\t\t\t\t\t<div class=\"e-con-inner\">\n\t\t<div class=\"elementor-element elementor-element-88e958e e-con-full e-flex e-con e-child\" data-id=\"88e958e\" data-element_type=\"container\">\n\t\t\t\t<div class=\"elementor-element elementor-element-30dc2b1 elementor-widget elementor-widget-heading\" data-id=\"30dc2b1\" data-element_type=\"widget\" data-widget_type=\"heading.default\">\n\t\t\t\t<div class=\"elementor-widget-container\">\n\t\t\t<span class=\"elementor-heading-title elementor-size-default\">Beni Solar<\/span>\t\t<\/div>\n\t\t\t\t<\/div>\n\t\t\t\t<div class=\"elementor-element elementor-element-50af05d elementor-widget elementor-widget-heading\" data-id=\"50af05d\" data-element_type=\"widget\" data-widget_type=\"heading.default\">\n\t\t\t\t<div class=\"elementor-widget-container\">\n\t\t\t<h1 class=\"elementor-heading-title elementor-size-default\">Nossos Projetos<\/h1>\t\t<\/div>\n\t\t\t\t<\/div>\n\t\t\t\t<div class=\"elementor-element elementor-element-3d2b42b elementor-widget elementor-widget-heading\" data-id=\"3d2b42b\" data-element_type=\"widget\" data-widget_type=\"heading.default\">\n\t\t\t\t<div class=\"elementor-widget-container\">\n\t\t\t<h2 class=\"elementor-heading-title elementor-size-default\">Economize At\u00e9 95% na sua Conta de Luz, Venha para Beni Solar!<\/h2>\t\t<\/div>\n\t\t\t\t<\/div>\n\t\t\t\t<\/div>\n\t\t\t\t\t<\/div>\n\t\t\t\t<\/div>\n\t\t<div class=\"elementor-element elementor-element-ec6bbcc e-flex e-con-boxed e-con e-parent\" data-id=\"ec6bbcc\" data-element_type=\"container\" data-settings=\"{&quot;background_background&quot;:&quot;classic&quot;}\">\n\t\t\t\t\t<div class=\"e-con-inner\">\n\t\t\t\t<div class=\"elementor-element elementor-element-ce20c7f elementor-widget elementor-widget-heading\" data-id=\"ce20c7f\" data-element_type=\"widget\" data-widget_type=\"heading.default\">\n\t\t\t\t<div class=\"elementor-widget-container\">\n\t\t\t<h2 class=\"elementor-heading-title elementor-size-default\">Conhe\u00e7a os Projetos Beni Solar<\/h2>\t\t<\/div>\n\t\t\t\t<\/div>\n\t\t\t\t<div class=\"elementor-element elementor-element-64380de elementor-widget elementor-widget-heading\" data-id=\"64380de\" data-element_type=\"widget\" data-widget_type=\"heading.default\">\n\t\t\t\t<div class=\"elementor-widget-container\">\n\t\t\t<h2 class=\"elementor-heading-title elementor-size-default\">Confira alguns de nossos projetos que foram executados e est\u00e3o funcionando 100%<\/h2>\t\t<\/div>\n\t\t\t\t<\/div>\n\t\t\t\t\t<\/div>\n\t\t\t\t<\/div>\n\t\t<div class=\"elementor-element elementor-element-61a54ab e-flex e-con-boxed e-con e-parent\" data-id=\"61a54ab\" data-element_type=\"container\" data-settings=\"{&quot;background_background&quot;:&quot;classic&quot;}\">\n\t\t\t\t\t<div class=\"e-con-inner\">\n\t\t<div class=\"elementor-element elementor-element-4c4d74b e-con-full e-flex e-con e-child\" data-id=\"4c4d74b\" data-element_type=\"container\">\n\t\t\t\t<div class=\"elementor-element elementor-element-3c16afc elementor-widget__width-initial elementor-widget elementor-widget-htmega-scrollimage-addons\" data-id=\"3c16afc\" data-element_type=\"widget\" data-widget_type=\"htmega-scrollimage-addons.default\">\n\t\t\t\t<div class=\"elementor-widget-container\">\n\t\t\t            <div class=\"ht-scroll-image\" >\n                                <div class=\"ht-scroll-image-wrapper\">\n                    <div class=\"thumb\" style=\"background-image: url(https:\/\/optimusdev.com.br\/benisolar\/wp-content\/uploads\/2023\/07\/projeto-ecopop-732x1024.png);\" >\n                                            <\/div>\n                <\/div>\n            <\/div>\n        \t\t<\/div>\n\t\t\t\t<\/div>\n\t\t\t\t<div class=\"elementor-element elementor-element-39917dc elementor-widget elementor-widget-heading\" data-id=\"39917dc\" data-element_type=\"widget\" data-widget_type=\"heading.default\">\n\t\t\t\t<div class=\"elementor-widget-container\">\n\t\t\t<h2 class=\"elementor-heading-title elementor-size-default\">Projeto 250M\u00b2, em Caarap\u00f3-MS<\/h2>\t\t<\/div>\n\t\t\t\t<\/div>\n\t\t\t\t<div class=\"elementor-element elementor-element-09ee476 elementor-align-center elementor-widget elementor-widget-button\" data-id=\"09ee476\" data-element_type=\"widget\" data-widget_type=\"button.default\">\n\t\t\t\t<div class=\"elementor-widget-container\">\n\t\t\t\t\t\t\t<div class=\"elementor-button-wrapper\">\n\t\t\t\t\t<a class=\"elementor-button elementor-button-link elementor-size-sm\" href=\"https:\/\/optimusdev.com.br\/benisolar\/projetos\/projeto-03\/\">\n\t\t\t\t\t\t<span class=\"elementor-button-content-wrapper\">\n\t\t\t\t\t\t<span class=\"elementor-button-icon\">\n\t\t\t\t<i aria-hidden=\"true\" class=\"fas fa-bolt\"><\/i>\t\t\t<\/span>\n\t\t\t\t\t\t\t\t\t<span class=\"elementor-button-text\">Ver Projeto<\/span>\n\t\t\t\t\t<\/span>\n\t\t\t\t\t<\/a>\n\t\t\t\t<\/div>\n\t\t\t\t\t\t<\/div>\n\t\t\t\t<\/div>\n\t\t\t\t<\/div>\n\t\t<div class=\"elementor-element elementor-element-cd4cf9c e-con-full e-flex e-con e-child\" data-id=\"cd4cf9c\" data-element_type=\"container\">\n\t\t\t\t<div class=\"elementor-element elementor-element-d8c86ed elementor-widget__width-initial elementor-widget elementor-widget-htmega-scrollimage-addons\" data-id=\"d8c86ed\" data-element_type=\"widget\" data-widget_type=\"htmega-scrollimage-addons.default\">\n\t\t\t\t<div class=\"elementor-widget-container\">\n\t\t\t            <div class=\"ht-scroll-image\" >\n                                <div class=\"ht-scroll-image-wrapper\">\n                    <div class=\"thumb\" style=\"background-image: url(https:\/\/optimusdev.com.br\/benisolar\/wp-content\/uploads\/2023\/07\/projeto-ecopop02-732x1024.png);\" >\n                                            <\/div>\n                <\/div>\n            <\/div>\n        \t\t<\/div>\n\t\t\t\t<\/div>\n\t\t\t\t<div class=\"elementor-element elementor-element-feffefc elementor-widget elementor-widget-heading\" data-id=\"feffefc\" data-element_type=\"widget\" data-widget_type=\"heading.default\">\n\t\t\t\t<div class=\"elementor-widget-container\">\n\t\t\t<h2 class=\"elementor-heading-title elementor-size-default\">Projeto 275M\u00b2, em Dourados-MS<\/h2>\t\t<\/div>\n\t\t\t\t<\/div>\n\t\t\t\t<div class=\"elementor-element elementor-element-81f1a98 elementor-align-center elementor-widget elementor-widget-button\" data-id=\"81f1a98\" data-element_type=\"widget\" data-widget_type=\"button.default\">\n\t\t\t\t<div class=\"elementor-widget-container\">\n\t\t\t\t\t\t\t<div class=\"elementor-button-wrapper\">\n\t\t\t\t\t<a class=\"elementor-button elementor-button-link elementor-size-sm\" href=\"https:\/\/optimusdev.com.br\/benisolar\/projetos\/projeto-01\/\">\n\t\t\t\t\t\t<span class=\"elementor-button-content-wrapper\">\n\t\t\t\t\t\t<span class=\"elementor-button-icon\">\n\t\t\t\t<i aria-hidden=\"true\" class=\"fas fa-bolt\"><\/i>\t\t\t<\/span>\n\t\t\t\t\t\t\t\t\t<span class=\"elementor-button-text\">Ver Projeto<\/span>\n\t\t\t\t\t<\/span>\n\t\t\t\t\t<\/a>\n\t\t\t\t<\/div>\n\t\t\t\t\t\t<\/div>\n\t\t\t\t<\/div>\n\t\t\t\t<\/div>\n\t\t<div class=\"elementor-element elementor-element-07ec230 e-con-full e-flex e-con e-child\" data-id=\"07ec230\" data-element_type=\"container\">\n\t\t\t\t<div class=\"elementor-element elementor-element-d7b8d8e elementor-widget__width-initial elementor-widget elementor-widget-htmega-scrollimage-addons\" data-id=\"d7b8d8e\" data-element_type=\"widget\" data-widget_type=\"htmega-scrollimage-addons.default\">\n\t\t\t\t<div class=\"elementor-widget-container\">\n\t\t\t            <div class=\"ht-scroll-image\" >\n                                <div class=\"ht-scroll-image-wrapper\">\n                    <div class=\"thumb\" style=\"background-image: url(https:\/\/optimusdev.com.br\/benisolar\/wp-content\/uploads\/2023\/07\/projeto-ecopop03-732x1024.png);\" >\n                                            <\/div>\n                <\/div>\n            <\/div>\n        \t\t<\/div>\n\t\t\t\t<\/div>\n\t\t\t\t<div class=\"elementor-element elementor-element-6e54e88 elementor-widget elementor-widget-heading\" data-id=\"6e54e88\" data-element_type=\"widget\" data-widget_type=\"heading.default\">\n\t\t\t\t<div class=\"elementor-widget-container\">\n\t\t\t<h2 class=\"elementor-heading-title elementor-size-default\">Projeto 180M\u00b2, em Caarap\u00f3-MS<\/h2>\t\t<\/div>\n\t\t\t\t<\/div>\n\t\t\t\t<div class=\"elementor-element elementor-element-0015ad9 elementor-align-center elementor-widget elementor-widget-button\" data-id=\"0015ad9\" data-element_type=\"widget\" data-widget_type=\"button.default\">\n\t\t\t\t<div class=\"elementor-widget-container\">\n\t\t\t\t\t\t\t<div class=\"elementor-button-wrapper\">\n\t\t\t\t\t<a class=\"elementor-button elementor-button-link elementor-size-sm\" href=\"https:\/\/optimusdev.com.br\/benisolar\/projetos\/projeto-02\/\">\n\t\t\t\t\t\t<span class=\"elementor-button-content-wrapper\">\n\t\t\t\t\t\t<span class=\"elementor-button-icon\">\n\t\t\t\t<i aria-hidden=\"true\" class=\"fas fa-bolt\"><\/i>\t\t\t<\/span>\n\t\t\t\t\t\t\t\t\t<span class=\"elementor-button-text\">Ver Projeto<\/span>\n\t\t\t\t\t<\/span>\n\t\t\t\t\t<\/a>\n\t\t\t\t<\/div>\n\t\t\t\t\t\t<\/div>\n\t\t\t\t<\/div>\n\t\t\t\t<\/div>\n\t\t\t\t\t<\/div>\n\t\t\t\t<\/div>\n\t\t<div class=\"elementor-element elementor-element-18a43ed e-flex e-con-boxed e-con e-parent\" data-id=\"18a43ed\" data-element_type=\"container\" data-settings=\"{&quot;background_background&quot;:&quot;classic&quot;,&quot;shape_divider_top&quot;:&quot;triangle&quot;}\">\n\t\t\t\t\t<div class=\"e-con-inner\">\n\t\t\t\t<div class=\"elementor-shape elementor-shape-top\" data-negative=\"false\">\n\t\t\t<svg xmlns=\"http:\/\/www.w3.org\/2000\/svg\" viewBox=\"0 0 1000 100\" preserveAspectRatio=\"none\">\n\t<path class=\"elementor-shape-fill\" d=\"M500,98.9L0,6.1V0h1000v6.1L500,98.9z\"\/>\n<\/svg>\t\t<\/div>\n\t\t<div class=\"elementor-element elementor-element-e0c5f2e e-con-full e-flex e-con e-child\" data-id=\"e0c5f2e\" data-element_type=\"container\">\n\t\t\t\t<div class=\"elementor-element elementor-element-fce7880 elementor-widget elementor-widget-heading\" data-id=\"fce7880\" data-element_type=\"widget\" data-widget_type=\"heading.default\">\n\t\t\t\t<div class=\"elementor-widget-container\">\n\t\t\t<span class=\"elementor-heading-title elementor-size-default\">Gostou dos projetos?<\/span>\t\t<\/div>\n\t\t\t\t<\/div>\n\t\t\t\t<div class=\"elementor-element elementor-element-283a486 elementor-widget elementor-widget-heading\" data-id=\"283a486\" data-element_type=\"widget\" data-widget_type=\"heading.default\">\n\t\t\t\t<div class=\"elementor-widget-container\">\n\t\t\t<h1 class=\"elementor-heading-title elementor-size-default\">Fa\u00e7a uma cota\u00e7\u00e3o agora mesmo<\/h1>\t\t<\/div>\n\t\t\t\t<\/div>\n\t\t\t\t<div class=\"elementor-element elementor-element-a29626e elementor-widget elementor-widget-heading\" data-id=\"a29626e\" data-element_type=\"widget\" data-widget_type=\"heading.default\">\n\t\t\t\t<div class=\"elementor-widget-container\">\n\t\t\t<h2 class=\"elementor-heading-title elementor-size-default\">Tenho certeza que temos um projeto ideal para voc\u00ea!<\/h2>\t\t<\/div>\n\t\t\t\t<\/div>\n\t\t\t\t<div class=\"elementor-element elementor-element-7a9461e elementor-align-center elementor-mobile-align-center elementor-widget elementor-widget-button\" data-id=\"7a9461e\" data-element_type=\"widget\" data-widget_type=\"button.default\">\n\t\t\t\t<div class=\"elementor-widget-container\">\n\t\t\t\t\t\t\t<div class=\"elementor-button-wrapper\">\n\t\t\t\t\t<a class=\"elementor-button elementor-button-link elementor-size-sm elementor-animation-grow\" href=\"https:\/\/optimusdev.com.br\/benisolar\/contato\/\">\n\t\t\t\t\t\t<span class=\"elementor-button-content-wrapper\">\n\t\t\t\t\t\t<span class=\"elementor-button-icon\">\n\t\t\t\t<i aria-hidden=\"true\" class=\"fas fa-bolt\"><\/i>\t\t\t<\/span>\n\t\t\t\t\t\t\t\t\t<span class=\"elementor-button-text\">Solicitar Or\u00e7amento<\/span>\n\t\t\t\t\t<\/span>\n\t\t\t\t\t<\/a>\n\t\t\t\t<\/div>\n\t\t\t\t\t\t<\/div>\n\t\t\t\t<\/div>\n\t\t\t\t<\/div>\n\t\t\t\t\t<\/div>\n\t\t\t\t<\/div>\n\t\t\t\t<\/div>\n\t\t","protected":false},"excerpt":{"rendered":"<p>Beni Solar Nossos Projetos Economize At\u00e9 95% na sua Conta de Luz, Venha para Beni Solar! Conhe\u00e7a os Projetos Beni Solar Confira alguns de nossos projetos que foram executados e est\u00e3o funcionando 100% Projeto 250M\u00b2, em Caarap\u00f3-MS Ver Projeto Projeto 275M\u00b2, em Dourados-MS Ver Projeto Projeto 180M\u00b2, em Caarap\u00f3-MS Ver Projeto Gostou dos projetos? Fa\u00e7a&#8230;<\/p>\n","protected":false},"author":1,"featured_media":0,"parent":0,"menu_order":0,"comment_status":"closed","ping_status":"closed","template":"elementor_header_footer","meta":{"_kad_post_transparent":"","_kad_post_title":"hide","_kad_post_layout":"fullwidth","_kad_post_sidebar_id":"","_kad_post_content_style":"unboxed","_kad_post_vertical_padding":"hide","_kad_post_feature":"hide","_kad_post_feature_position":"","_kad_post_header":false,"_kad_post_footer":false,"_kad_post_classname":"","footnotes":""},"class_list":["post-11","page","type-page","status-publish","hentry"],"_links":{"self":[{"href":"https:\/\/optimusdev.com.br\/benisolar\/wp-json\/wp\/v2\/pages\/11","targetHints":{"allow":["GET"]}}],"collection":[{"href":"https:\/\/optimusdev.com.br\/benisolar\/wp-json\/wp\/v2\/pages"}],"about":[{"href":"https:\/\/optimusdev.com.br\/benisolar\/wp-json\/wp\/v2\/types\/page"}],"author":[{"embeddable":true,"href":"https:\/\/optimusdev.com.br\/benisolar\/wp-json\/wp\/v2\/users\/1"}],"replies":[{"embeddable":true,"href":"https:\/\/optimusdev.com.br\/benisolar\/wp-json\/wp\/v2\/comments?post=11"}],"version-history":[{"count":79,"href":"https:\/\/optimusdev.com.br\/benisolar\/wp-json\/wp\/v2\/pages\/11\/revisions"}],"predecessor-version":[{"id":1189,"href":"https:\/\/optimusdev.com.br\/benisolar\/wp-json\/wp\/v2\/pages\/11\/revisions\/1189"}],"wp:attachment":[{"href":"https:\/\/optimusdev.com.br\/benisolar\/wp-json\/wp\/v2\/media?parent=11"}],"curies":[{"name":"wp","href":"https:\/\/api.w.org\/{rel}","templated":true}]}}