{"id":13,"date":"2023-07-13T19:04:46","date_gmt":"2023-07-13T23:04:46","guid":{"rendered":"https:\/\/optimusdev.com.br\/benisolar\/?page_id=13"},"modified":"2024-12-10T13:45:03","modified_gmt":"2024-12-10T17:45:03","slug":"sobre-nos","status":"publish","type":"page","link":"https:\/\/optimusdev.com.br\/benisolar\/sobre-nos\/","title":{"rendered":"Sobre N\u00f3s"},"content":{"rendered":"\t\t<div data-elementor-type=\"wp-page\" data-elementor-id=\"13\" class=\"elementor elementor-13\" data-elementor-post-type=\"page\">\n\t\t\t\t<div class=\"elementor-element elementor-element-b48f67c e-flex e-con-boxed e-con e-parent\" data-id=\"b48f67c\" data-element_type=\"container\" data-settings=\"{&quot;background_background&quot;:&quot;classic&quot;}\">\n\t\t\t\t\t<div class=\"e-con-inner\">\n\t\t<div class=\"elementor-element elementor-element-da3188f e-con-full e-flex e-con e-child\" data-id=\"da3188f\" data-element_type=\"container\">\n\t\t\t\t<div class=\"elementor-element elementor-element-2765d1b elementor-widget elementor-widget-heading\" data-id=\"2765d1b\" data-element_type=\"widget\" data-widget_type=\"heading.default\">\n\t\t\t\t<div class=\"elementor-widget-container\">\n\t\t\t<h1 class=\"elementor-heading-title elementor-size-default\">Sobre N\u00f3s<\/h1>\t\t<\/div>\n\t\t\t\t<\/div>\n\t\t\t\t<div class=\"elementor-element elementor-element-5e3cb4b elementor-widget elementor-widget-heading\" data-id=\"5e3cb4b\" data-element_type=\"widget\" data-widget_type=\"heading.default\">\n\t\t\t\t<div class=\"elementor-widget-container\">\n\t\t\t<h2 class=\"elementor-heading-title elementor-size-default\">Economize At\u00e9 95% na sua Conta de Luz, Venha para Beni Solar!<\/h2>\t\t<\/div>\n\t\t\t\t<\/div>\n\t\t\t\t<\/div>\n\t\t\t\t\t<\/div>\n\t\t\t\t<\/div>\n\t\t<div class=\"elementor-element elementor-element-9ccddba e-flex e-con-boxed e-con e-parent\" data-id=\"9ccddba\" data-element_type=\"container\" data-settings=\"{&quot;background_background&quot;:&quot;classic&quot;}\">\n\t\t\t\t\t<div class=\"e-con-inner\">\n\t\t\t\t<div class=\"elementor-element elementor-element-ac0ed46 elementor-widget elementor-widget-heading\" data-id=\"ac0ed46\" data-element_type=\"widget\" data-widget_type=\"heading.default\">\n\t\t\t\t<div class=\"elementor-widget-container\">\n\t\t\t<h2 class=\"elementor-heading-title elementor-size-default\">Seja Bem Vindo a  Beni Solar <\/h2>\t\t<\/div>\n\t\t\t\t<\/div>\n\t\t\t\t<div class=\"elementor-element elementor-element-39a8230 elementor-view-default elementor-position-top elementor-mobile-position-top elementor-widget elementor-widget-icon-box\" data-id=\"39a8230\" data-element_type=\"widget\" data-widget_type=\"icon-box.default\">\n\t\t\t\t<div class=\"elementor-widget-container\">\n\t\t\t\t\t<div class=\"elementor-icon-box-wrapper\">\n\n\t\t\t\t\t\t<div class=\"elementor-icon-box-icon\">\n\t\t\t\t<span  class=\"elementor-icon elementor-animation-\">\n\t\t\t\t<i aria-hidden=\"true\" class=\"fas fa-charging-station\"><\/i>\t\t\t\t<\/span>\n\t\t\t<\/div>\n\t\t\t\n\t\t\t\t\t\t<div class=\"elementor-icon-box-content\">\n\n\t\t\t\t\t\t\t\t\t<h3 class=\"elementor-icon-box-title\">\n\t\t\t\t\t\t<span  >\n\t\t\t\t\t\t\tMiss\u00e3o\t\t\t\t\t\t<\/span>\n\t\t\t\t\t<\/h3>\n\t\t\t\t\n\t\t\t\t\t\t\t\t\t<p class=\"elementor-icon-box-description\">\n\t\t\t\t\t\tNossa miss\u00e3o \u00e9 capacitar indiv\u00edduos, empresas e comunidade a adotarem a energia solar como uma solu\u00e7\u00e3o acess\u00edvel e confi\u00e1vel. Estamos comprometidos em fornecer sistemas solares de alta qualidade e servi\u00e7os excepcionais, promovendo a independ\u00eancia energ\u00e9tica, a sustentabilidade ambiental e um futuro mais limpo para as gera\u00e7\u00f5es futuras. Trabalhamos incansavelmente para educar, informar e inspirar a transi\u00e7\u00e3o para a energia solar, contribuindo para um mundo mais sustent\u00e1vel e resiliente.\t\t\t\t\t<\/p>\n\t\t\t\t\n\t\t\t<\/div>\n\t\t\t\n\t\t<\/div>\n\t\t\t\t<\/div>\n\t\t\t\t<\/div>\n\t\t\t\t\t<\/div>\n\t\t\t\t<\/div>\n\t\t<div class=\"elementor-element elementor-element-6209af0 e-flex e-con-boxed e-con e-parent\" data-id=\"6209af0\" data-element_type=\"container\" data-settings=\"{&quot;background_background&quot;:&quot;classic&quot;}\">\n\t\t\t\t\t<div class=\"e-con-inner\">\n\t\t<div class=\"elementor-element elementor-element-811f904 e-con-full e-flex e-con e-child\" data-id=\"811f904\" data-element_type=\"container\">\n\t\t\t\t<div class=\"elementor-element elementor-element-bdc88e0 elementor-widget elementor-widget-heading\" data-id=\"bdc88e0\" data-element_type=\"widget\" data-widget_type=\"heading.default\">\n\t\t\t\t<div class=\"elementor-widget-container\">\n\t\t\t<h2 class=\"elementor-heading-title elementor-size-default\">BENI SOLAR<\/h2>\t\t<\/div>\n\t\t\t\t<\/div>\n\t\t\t\t<div class=\"elementor-element elementor-element-bca755d elementor-widget elementor-widget-text-editor\" data-id=\"bca755d\" data-element_type=\"widget\" data-widget_type=\"text-editor.default\">\n\t\t\t\t<div class=\"elementor-widget-container\">\n\t\t\t\t\t\t\t<p>Acreditamos na import\u00e2ncia de preservar o meio ambiente e buscar solu\u00e7\u00f5es energ\u00e9ticas sustent\u00e1veis para reduzir nossa pegada de carbono e mitigar as mudan\u00e7as clim\u00e1ticas, a energia solar desempenha um papel fundamental nesse esfor\u00e7o.<\/p><p>Valorizamos a excel\u00eancia em todas as etapas, desde o projeto e instala\u00e7\u00e3o at\u00e9 o servi\u00e7o p\u00f3s-venda, nosso objetivo \u00e9 fornecer solu\u00e7\u00f5es de alta qualidade, garantindo o desempenho confi\u00e1vel e duradouro.<\/p>\t\t\t\t\t\t<\/div>\n\t\t\t\t<\/div>\n\t\t\t\t<\/div>\n\t\t<div class=\"elementor-element elementor-element-dd1f007 e-con-full e-flex e-con e-child\" data-id=\"dd1f007\" data-element_type=\"container\">\n\t\t\t\t<div class=\"elementor-element elementor-element-feafb38 elementor-widget elementor-widget-image\" data-id=\"feafb38\" data-element_type=\"widget\" data-widget_type=\"image.default\">\n\t\t\t\t<div class=\"elementor-widget-container\">\n\t\t\t\t\t\t\t\t\t\t\t\t\t<img fetchpriority=\"high\" decoding=\"async\" width=\"1280\" height=\"764\" src=\"https:\/\/optimusdev.com.br\/benisolar\/wp-content\/uploads\/2023\/07\/ecopop-energia-solar-22.jpg\" class=\"attachment-full size-full wp-image-411\" alt=\"Beni energia solar 22\" srcset=\"https:\/\/optimusdev.com.br\/benisolar\/wp-content\/uploads\/2023\/07\/ecopop-energia-solar-22.jpg 1280w, https:\/\/optimusdev.com.br\/benisolar\/wp-content\/uploads\/2023\/07\/ecopop-energia-solar-22-300x179.jpg 300w, https:\/\/optimusdev.com.br\/benisolar\/wp-content\/uploads\/2023\/07\/ecopop-energia-solar-22-1024x611.jpg 1024w, https:\/\/optimusdev.com.br\/benisolar\/wp-content\/uploads\/2023\/07\/ecopop-energia-solar-22-768x458.jpg 768w\" sizes=\"(max-width: 1280px) 100vw, 1280px\" \/>\t\t\t\t\t\t\t\t\t\t\t\t\t<\/div>\n\t\t\t\t<\/div>\n\t\t\t\t<\/div>\n\t\t\t\t\t<\/div>\n\t\t\t\t<\/div>\n\t\t<div class=\"elementor-element elementor-element-812bb48 e-flex e-con-boxed e-con e-parent\" data-id=\"812bb48\" data-element_type=\"container\" data-settings=\"{&quot;background_background&quot;:&quot;classic&quot;,&quot;shape_divider_top&quot;:&quot;triangle&quot;}\">\n\t\t\t\t\t<div class=\"e-con-inner\">\n\t\t\t\t<div class=\"elementor-shape elementor-shape-top\" data-negative=\"false\">\n\t\t\t<svg xmlns=\"http:\/\/www.w3.org\/2000\/svg\" viewBox=\"0 0 1000 100\" preserveAspectRatio=\"none\">\n\t<path class=\"elementor-shape-fill\" d=\"M500,98.9L0,6.1V0h1000v6.1L500,98.9z\"\/>\n<\/svg>\t\t<\/div>\n\t\t<div class=\"elementor-element elementor-element-5c00870 e-con-full e-flex e-con e-child\" data-id=\"5c00870\" data-element_type=\"container\">\n\t\t\t\t<div class=\"elementor-element elementor-element-fe0e524 elementor-widget elementor-widget-heading\" data-id=\"fe0e524\" data-element_type=\"widget\" data-widget_type=\"heading.default\">\n\t\t\t\t<div class=\"elementor-widget-container\">\n\t\t\t<span class=\"elementor-heading-title elementor-size-default\">Entre em Contato<\/span>\t\t<\/div>\n\t\t\t\t<\/div>\n\t\t\t\t<div class=\"elementor-element elementor-element-23a6db0 elementor-widget elementor-widget-heading\" data-id=\"23a6db0\" data-element_type=\"widget\" data-widget_type=\"heading.default\">\n\t\t\t\t<div class=\"elementor-widget-container\">\n\t\t\t<h1 class=\"elementor-heading-title elementor-size-default\">Fa\u00e7a uma Cota\u00e7\u00e3o<\/h1>\t\t<\/div>\n\t\t\t\t<\/div>\n\t\t\t\t<div class=\"elementor-element elementor-element-8a2e4aa elementor-widget elementor-widget-heading\" data-id=\"8a2e4aa\" data-element_type=\"widget\" data-widget_type=\"heading.default\">\n\t\t\t\t<div class=\"elementor-widget-container\">\n\t\t\t<h2 class=\"elementor-heading-title elementor-size-default\">Tenho certeza que temos um projeto ideal para voc\u00ea!<\/h2>\t\t<\/div>\n\t\t\t\t<\/div>\n\t\t\t\t<div class=\"elementor-element elementor-element-d5d86cf elementor-align-center elementor-mobile-align-center elementor-widget elementor-widget-button\" data-id=\"d5d86cf\" data-element_type=\"widget\" data-widget_type=\"button.default\">\n\t\t\t\t<div class=\"elementor-widget-container\">\n\t\t\t\t\t\t\t<div class=\"elementor-button-wrapper\">\n\t\t\t\t\t<a class=\"elementor-button elementor-button-link elementor-size-sm elementor-animation-grow\" href=\"https:\/\/optimusdev.com.br\/benisolar\/contato\/\">\n\t\t\t\t\t\t<span class=\"elementor-button-content-wrapper\">\n\t\t\t\t\t\t<span class=\"elementor-button-icon\">\n\t\t\t\t<i aria-hidden=\"true\" class=\"fas fa-bolt\"><\/i>\t\t\t<\/span>\n\t\t\t\t\t\t\t\t\t<span class=\"elementor-button-text\">Solicitar Or\u00e7amento<\/span>\n\t\t\t\t\t<\/span>\n\t\t\t\t\t<\/a>\n\t\t\t\t<\/div>\n\t\t\t\t\t\t<\/div>\n\t\t\t\t<\/div>\n\t\t\t\t<\/div>\n\t\t\t\t\t<\/div>\n\t\t\t\t<\/div>\n\t\t\t\t<\/div>\n\t\t","protected":false},"excerpt":{"rendered":"<p>Sobre N\u00f3s Economize At\u00e9 95% na sua Conta de Luz, Venha para Beni Solar! Seja Bem Vindo a Beni Solar Miss\u00e3o Nossa miss\u00e3o \u00e9 capacitar indiv\u00edduos, empresas e comunidade a adotarem a energia solar como uma solu\u00e7\u00e3o acess\u00edvel e confi\u00e1vel. Estamos comprometidos em fornecer sistemas solares de alta qualidade e servi\u00e7os excepcionais, promovendo a independ\u00eancia&#8230;<\/p>\n","protected":false},"author":1,"featured_media":0,"parent":0,"menu_order":0,"comment_status":"closed","ping_status":"closed","template":"elementor_header_footer","meta":{"_kad_post_transparent":"","_kad_post_title":"hide","_kad_post_layout":"fullwidth","_kad_post_sidebar_id":"","_kad_post_content_style":"unboxed","_kad_post_vertical_padding":"hide","_kad_post_feature":"hide","_kad_post_feature_position":"","_kad_post_header":false,"_kad_post_footer":false,"_kad_post_classname":"","footnotes":""},"class_list":["post-13","page","type-page","status-publish","hentry"],"_links":{"self":[{"href":"https:\/\/optimusdev.com.br\/benisolar\/wp-json\/wp\/v2\/pages\/13","targetHints":{"allow":["GET"]}}],"collection":[{"href":"https:\/\/optimusdev.com.br\/benisolar\/wp-json\/wp\/v2\/pages"}],"about":[{"href":"https:\/\/optimusdev.com.br\/benisolar\/wp-json\/wp\/v2\/types\/page"}],"author":[{"embeddable":true,"href":"https:\/\/optimusdev.com.br\/benisolar\/wp-json\/wp\/v2\/users\/1"}],"replies":[{"embeddable":true,"href":"https:\/\/optimusdev.com.br\/benisolar\/wp-json\/wp\/v2\/comments?post=13"}],"version-history":[{"count":73,"href":"https:\/\/optimusdev.com.br\/benisolar\/wp-json\/wp\/v2\/pages\/13\/revisions"}],"predecessor-version":[{"id":1174,"href":"https:\/\/optimusdev.com.br\/benisolar\/wp-json\/wp\/v2\/pages\/13\/revisions\/1174"}],"wp:attachment":[{"href":"https:\/\/optimusdev.com.br\/benisolar\/wp-json\/wp\/v2\/media?parent=13"}],"curies":[{"name":"wp","href":"https:\/\/api.w.org\/{rel}","templated":true}]}}