{"id":210,"date":"2024-10-30T00:43:39","date_gmt":"2024-10-30T00:43:39","guid":{"rendered":"https:\/\/optimusdev.com.br\/beniveiculos\/?page_id=210"},"modified":"2024-11-14T18:11:46","modified_gmt":"2024-11-14T18:11:46","slug":"sobre","status":"publish","type":"page","link":"https:\/\/optimusdev.com.br\/beniveiculos\/sobre\/","title":{"rendered":"Sobre"},"content":{"rendered":"\t\t<div data-elementor-type=\"wp-page\" data-elementor-id=\"210\" class=\"elementor elementor-210\" data-elementor-post-type=\"page\">\n\t\t\t\t<div class=\"elementor-element elementor-element-c79ad2e e-flex e-con-boxed e-con e-parent\" data-id=\"c79ad2e\" data-element_type=\"container\" data-settings=\"{&quot;background_background&quot;:&quot;classic&quot;}\">\n\t\t\t\t\t<div class=\"e-con-inner\">\n\t\t\t\t<div class=\"elementor-element elementor-element-3e6fc1f elementor-widget__width-inherit elementor-widget elementor-widget-heading\" data-id=\"3e6fc1f\" data-element_type=\"widget\" data-widget_type=\"heading.default\">\n\t\t\t\t<div class=\"elementor-widget-container\">\n\t\t\t<h1 class=\"elementor-heading-title elementor-size-default\">Sobre N\u00f3s<\/h1>\t\t<\/div>\n\t\t\t\t<\/div>\n\t\t\t\t\t<\/div>\n\t\t\t\t<\/div>\n\t\t<div class=\"elementor-element elementor-element-abcb303 e-flex e-con-boxed e-con e-parent\" data-id=\"abcb303\" data-element_type=\"container\" data-settings=\"{&quot;background_background&quot;:&quot;classic&quot;}\">\n\t\t\t\t\t<div class=\"e-con-inner\">\n\t\t<div class=\"elementor-element elementor-element-f090df3 e-con-full e-flex e-con e-child\" data-id=\"f090df3\" data-element_type=\"container\">\n\t\t\t\t<div class=\"elementor-element elementor-element-c2b1a4e elementor-widget elementor-widget-heading\" data-id=\"c2b1a4e\" data-element_type=\"widget\" data-widget_type=\"heading.default\">\n\t\t\t\t<div class=\"elementor-widget-container\">\n\t\t\t<h2 class=\"elementor-heading-title elementor-size-default\">Expertise em Ve\u00edculos Multimarcas<\/h2>\t\t<\/div>\n\t\t\t\t<\/div>\n\t\t\t\t<div class=\"elementor-element elementor-element-891a0b8 elementor-widget elementor-widget-text-editor\" data-id=\"891a0b8\" data-element_type=\"widget\" data-widget_type=\"text-editor.default\">\n\t\t\t\t<div class=\"elementor-widget-container\">\n\t\t\t\t\t\t\t<p><strong><span style=\"color: #ff0000;\">Beni Ve\u00edculos<\/span><\/strong> \u00e9 uma garagem de ve\u00edculos localizada em Caarap\u00f3\/MS, dedicada a oferecer um atendimento personalizado com seguran\u00e7a e transpar\u00eancia em cada transa\u00e7\u00e3o.<br \/><br \/>Com expertise em ve\u00edculos multimarcas, nossa equipe seleciona rigorosamente carros novos e seminovos, priorizando a qualidade, proced\u00eancia e confian\u00e7a para os nossos clientes.<\/p><p><strong><span style=\"color: #ff0000;\">Miss\u00e3o<\/span><\/strong><br \/>Nossa miss\u00e3o \u00e9 conectar pessoas ao carro ideal, oferecendo ve\u00edculos de alta qualidade e proporcionando uma experi\u00eancia de compra segura e satisfat\u00f3ria.<br \/><br \/>Buscamos superar expectativas com um atendimento personalizado, que respeita as necessidades e desejos de cada cliente.<\/p><p><strong><span style=\"color: #ff0000;\">Valores<\/span><\/strong><br \/>&#8211; <span style=\"color: #ff0000;\">Transpar\u00eancia<\/span>: Priorizamos a clareza em todas as etapas da negocia\u00e7\u00e3o para assegurar a confian\u00e7a de nossos clientes.<br \/>&#8211; <span style=\"color: #ff0000;\">Excel\u00eancia<\/span>: Comprometidos em oferecer ve\u00edculos e servi\u00e7os de qualidade, com aten\u00e7\u00e3o aos detalhes e respeito pelo cliente.<br \/>&#8211; <span style=\"color: #ff0000;\">Responsabilidade<\/span>: Trabalhamos com responsabilidade e \u00e9tica, assegurando que nossos ve\u00edculos sejam rigorosamente revisados e com proced\u00eancia confi\u00e1vel.<br \/>&#8211; <span style=\"color: #ff0000;\">Relacionamento<\/span>: Valorizamos a constru\u00e7\u00e3o de rela\u00e7\u00f5es duradouras com nossos clientes, pautadas pelo respeito, honestidade e confian\u00e7a.<\/p><p><span style=\"color: #ff0000;\">Expertise em Ve\u00edculos Multimarcas<\/span><br \/>Na Beni Ve\u00edculos, voc\u00ea encontra uma ampla variedade de marcas e modelos para atender todas as necessidades e prefer\u00eancias.<br \/><br \/>Nosso conhecimento multimarcas nos permite guiar nossos clientes em escolhas informadas, garantindo que cada um encontre o ve\u00edculo perfeito para seu estilo de vida e or\u00e7amento.<\/p>\t\t\t\t\t\t<\/div>\n\t\t\t\t<\/div>\n\t\t\t\t<\/div>\n\t\t<div class=\"elementor-element elementor-element-5e08260 e-con-full e-flex e-con e-child\" data-id=\"5e08260\" data-element_type=\"container\">\n\t\t\t\t<div class=\"elementor-element elementor-element-2e6214d elementor-widget elementor-widget-image\" data-id=\"2e6214d\" data-element_type=\"widget\" data-settings=\"{&quot;sticky&quot;:&quot;top&quot;,&quot;sticky_on&quot;:[&quot;desktop&quot;],&quot;sticky_parent&quot;:&quot;yes&quot;,&quot;sticky_offset&quot;:0,&quot;sticky_effects_offset&quot;:0}\" data-widget_type=\"image.default\">\n\t\t\t\t<div class=\"elementor-widget-container\">\n\t\t\t\t\t\t\t\t\t\t\t\t\t<img fetchpriority=\"high\" decoding=\"async\" width=\"649\" height=\"542\" src=\"https:\/\/optimusdev.com.br\/beniveiculos\/wp-content\/uploads\/2024\/11\/Image-Beni-Direita.png\" class=\"attachment-large size-large wp-image-657\" alt=\"\" srcset=\"https:\/\/optimusdev.com.br\/beniveiculos\/wp-content\/uploads\/2024\/11\/Image-Beni-Direita.png 649w, https:\/\/optimusdev.com.br\/beniveiculos\/wp-content\/uploads\/2024\/11\/Image-Beni-Direita-300x251.png 300w\" sizes=\"(max-width: 649px) 100vw, 649px\" \/>\t\t\t\t\t\t\t\t\t\t\t\t\t<\/div>\n\t\t\t\t<\/div>\n\t\t\t\t<\/div>\n\t\t\t\t\t<\/div>\n\t\t\t\t<\/div>\n\t\t<div class=\"elementor-element elementor-element-3485c003 e-flex e-con-boxed e-con e-parent\" data-id=\"3485c003\" data-element_type=\"container\" data-settings=\"{&quot;background_background&quot;:&quot;classic&quot;}\">\n\t\t\t\t\t<div class=\"e-con-inner\">\n\t\t\t\t<div class=\"elementor-element elementor-element-4a4a90b6 elementor-widget__width-inherit elementor-widget elementor-widget-heading\" data-id=\"4a4a90b6\" data-element_type=\"widget\" data-widget_type=\"heading.default\">\n\t\t\t\t<div class=\"elementor-widget-container\">\n\t\t\t<h2 class=\"elementor-heading-title elementor-size-default\">Por que comprar conosco?<\/h2>\t\t<\/div>\n\t\t\t\t<\/div>\n\t\t\t\t<div class=\"elementor-element elementor-element-67a96a71 elementor-widget__width-initial elementor-widget-tablet__width-inherit elementor-position-top elementor-invisible elementor-widget elementor-widget-image-box\" data-id=\"67a96a71\" data-element_type=\"widget\" data-settings=\"{&quot;_animation&quot;:&quot;bounceInRight&quot;,&quot;_animation_delay&quot;:800}\" data-widget_type=\"image-box.default\">\n\t\t\t\t<div class=\"elementor-widget-container\">\n\t\t\t<div class=\"elementor-image-box-wrapper\"><figure class=\"elementor-image-box-img\"><img decoding=\"async\" width=\"512\" height=\"512\" src=\"https:\/\/optimusdev.com.br\/beniveiculos\/wp-content\/uploads\/2024\/11\/prm-ben.png\" class=\"attachment-full size-full wp-image-421\" alt=\"\" srcset=\"https:\/\/optimusdev.com.br\/beniveiculos\/wp-content\/uploads\/2024\/11\/prm-ben.png 512w, https:\/\/optimusdev.com.br\/beniveiculos\/wp-content\/uploads\/2024\/11\/prm-ben-300x300.png 300w, https:\/\/optimusdev.com.br\/beniveiculos\/wp-content\/uploads\/2024\/11\/prm-ben-150x150.png 150w\" sizes=\"(max-width: 512px) 100vw, 512px\" \/><\/figure><div class=\"elementor-image-box-content\"><h3 class=\"elementor-image-box-title\">Experi\u00eancia e Conhecimento<\/h3><p class=\"elementor-image-box-description\">Com anos de experi\u00eancia no mercado automotivo, nossa equipe \u00e9 altamente capacitada e conhecedora do mercado de ve\u00edculos multimarcas.<\/p><\/div><\/div>\t\t<\/div>\n\t\t\t\t<\/div>\n\t\t\t\t<div class=\"elementor-element elementor-element-c66d735 elementor-widget__width-initial elementor-widget-tablet__width-inherit elementor-position-top elementor-invisible elementor-widget elementor-widget-image-box\" data-id=\"c66d735\" data-element_type=\"widget\" data-settings=\"{&quot;_animation&quot;:&quot;bounceInDown&quot;,&quot;_animation_delay&quot;:800}\" data-widget_type=\"image-box.default\">\n\t\t\t\t<div class=\"elementor-widget-container\">\n\t\t\t<div class=\"elementor-image-box-wrapper\"><figure class=\"elementor-image-box-img\"><img decoding=\"async\" width=\"512\" height=\"512\" src=\"https:\/\/optimusdev.com.br\/beniveiculos\/wp-content\/uploads\/2024\/11\/lista-de-controle.png\" class=\"attachment-full size-full wp-image-423\" alt=\"\" srcset=\"https:\/\/optimusdev.com.br\/beniveiculos\/wp-content\/uploads\/2024\/11\/lista-de-controle.png 512w, https:\/\/optimusdev.com.br\/beniveiculos\/wp-content\/uploads\/2024\/11\/lista-de-controle-300x300.png 300w, https:\/\/optimusdev.com.br\/beniveiculos\/wp-content\/uploads\/2024\/11\/lista-de-controle-150x150.png 150w\" sizes=\"(max-width: 512px) 100vw, 512px\" \/><\/figure><div class=\"elementor-image-box-content\"><h3 class=\"elementor-image-box-title\">Transpar\u00eancia e Honestidade<\/h3><p class=\"elementor-image-box-description\">Nossos clientes podem contar com informa\u00e7\u00f5es precisas e detalhadas sobre cada ve\u00edculo, hist\u00f3rico de manuten\u00e7\u00e3o e condi\u00e7\u00f5es de venda.<\/p><\/div><\/div>\t\t<\/div>\n\t\t\t\t<\/div>\n\t\t\t\t<div class=\"elementor-element elementor-element-4b5bfc0b elementor-widget__width-initial elementor-widget-tablet__width-inherit elementor-position-top elementor-invisible elementor-widget elementor-widget-image-box\" data-id=\"4b5bfc0b\" data-element_type=\"widget\" data-settings=\"{&quot;_animation&quot;:&quot;bounceInLeft&quot;,&quot;_animation_delay&quot;:800}\" data-widget_type=\"image-box.default\">\n\t\t\t\t<div class=\"elementor-widget-container\">\n\t\t\t<div class=\"elementor-image-box-wrapper\"><figure class=\"elementor-image-box-img\"><img loading=\"lazy\" decoding=\"async\" width=\"512\" height=\"512\" src=\"https:\/\/optimusdev.com.br\/beniveiculos\/wp-content\/uploads\/2024\/11\/agente-de-atendimento-ao-cliente.png\" class=\"attachment-full size-full wp-image-425\" alt=\"\" srcset=\"https:\/\/optimusdev.com.br\/beniveiculos\/wp-content\/uploads\/2024\/11\/agente-de-atendimento-ao-cliente.png 512w, https:\/\/optimusdev.com.br\/beniveiculos\/wp-content\/uploads\/2024\/11\/agente-de-atendimento-ao-cliente-300x300.png 300w, https:\/\/optimusdev.com.br\/beniveiculos\/wp-content\/uploads\/2024\/11\/agente-de-atendimento-ao-cliente-150x150.png 150w\" sizes=\"(max-width: 512px) 100vw, 512px\" \/><\/figure><div class=\"elementor-image-box-content\"><h3 class=\"elementor-image-box-title\">Atendimento de Excel\u00eancia<\/h3><p class=\"elementor-image-box-description\">O nosso compromisso \u00e9 fornecer um atendimento de alta qualidade, garantindo que sua experi\u00eancia de compra seja agrad\u00e1vel e sem ccomplica\u00e7\u00f5es.<\/p><\/div><\/div>\t\t<\/div>\n\t\t\t\t<\/div>\n\t\t\t\t<div class=\"elementor-element elementor-element-248dd2d0 elementor-widget-tablet__width-inherit elementor-align-center elementor-widget__width-inherit elementor-invisible elementor-widget elementor-widget-button\" data-id=\"248dd2d0\" data-element_type=\"widget\" data-settings=\"{&quot;_animation&quot;:&quot;bounceInUp&quot;}\" data-widget_type=\"button.default\">\n\t\t\t\t<div class=\"elementor-widget-container\">\n\t\t\t\t\t\t\t<div class=\"elementor-button-wrapper\">\n\t\t\t\t\t<a class=\"elementor-button elementor-button-link elementor-size-sm elementor-animation-grow\" href=\"https:\/\/optimusdev.com.br\/beniveiculos\/contato\/\">\n\t\t\t\t\t\t<span class=\"elementor-button-content-wrapper\">\n\t\t\t\t\t\t\t\t\t<span class=\"elementor-button-text\">Entrar em Contato<\/span>\n\t\t\t\t\t<\/span>\n\t\t\t\t\t<\/a>\n\t\t\t\t<\/div>\n\t\t\t\t\t\t<\/div>\n\t\t\t\t<\/div>\n\t\t\t\t\t<\/div>\n\t\t\t\t<\/div>\n\t\t<div class=\"elementor-element elementor-element-1d3d3b20 e-flex e-con-boxed e-con e-parent\" data-id=\"1d3d3b20\" data-element_type=\"container\" data-settings=\"{&quot;background_background&quot;:&quot;classic&quot;}\">\n\t\t\t\t\t<div class=\"e-con-inner\">\n\t\t\t\t<div class=\"elementor-element elementor-element-5a9db4fc elementor-widget elementor-widget-heading\" data-id=\"5a9db4fc\" data-element_type=\"widget\" data-widget_type=\"heading.default\">\n\t\t\t\t<div class=\"elementor-widget-container\">\n\t\t\t<h3 class=\"elementor-heading-title elementor-size-default\">\"A confian\u00e7a se constr\u00f3i com transpar\u00eancia, e a credibilidade se mant\u00e9m com compromisso.\"<\/h3>\t\t<\/div>\n\t\t\t\t<\/div>\n\t\t\t\t<div class=\"elementor-element elementor-element-3d11d886 elementor-widget elementor-widget-heading\" data-id=\"3d11d886\" data-element_type=\"widget\" data-widget_type=\"heading.default\">\n\t\t\t\t<div class=\"elementor-widget-container\">\n\t\t\t<p class=\"elementor-heading-title elementor-size-default\">Beni Ve\u00edculos<\/p>\t\t<\/div>\n\t\t\t\t<\/div>\n\t\t\t\t\t<\/div>\n\t\t\t\t<\/div>\n\t\t<div class=\"elementor-element elementor-element-1607f55 e-flex e-con-boxed e-con e-parent\" data-id=\"1607f55\" data-element_type=\"container\" data-settings=\"{&quot;background_background&quot;:&quot;classic&quot;}\">\n\t\t\t\t\t<div class=\"e-con-inner\">\n\t\t\t\t<div class=\"elementor-element elementor-element-d68ae33 elementor-widget__width-inherit elementor-widget elementor-widget-heading\" data-id=\"d68ae33\" data-element_type=\"widget\" data-widget_type=\"heading.default\">\n\t\t\t\t<div class=\"elementor-widget-container\">\n\t\t\t<h2 class=\"elementor-heading-title elementor-size-default\">Venha nos visitar, esperamos voc\u00ea!<\/h2>\t\t<\/div>\n\t\t\t\t<\/div>\n\t\t\t\t<div class=\"elementor-element elementor-element-7a30462 elementor-widget elementor-widget-google_maps\" data-id=\"7a30462\" data-element_type=\"widget\" data-widget_type=\"google_maps.default\">\n\t\t\t\t<div class=\"elementor-widget-container\">\n\t\t\t\t\t<div class=\"elementor-custom-embed\">\n\t\t\t<iframe loading=\"lazy\"\n\t\t\t\t\tsrc=\"https:\/\/maps.google.com\/maps?q=Av.%20Dom%20Pedro%20II%2C%20N%C2%B01460%20Caarap%C3%B3%2FMS&#038;t=m&#038;z=15&#038;output=embed&#038;iwloc=near\"\n\t\t\t\t\ttitle=\"Av. Dom Pedro II, N\u00b01460 Caarap\u00f3\/MS\"\n\t\t\t\t\taria-label=\"Av. Dom Pedro II, N\u00b01460 Caarap\u00f3\/MS\"\n\t\t\t><\/iframe>\n\t\t<\/div>\n\t\t\t\t<\/div>\n\t\t\t\t<\/div>\n\t\t\t\t\t<\/div>\n\t\t\t\t<\/div>\n\t\t\t\t<\/div>\n\t\t","protected":false},"excerpt":{"rendered":"<p>Sobre N\u00f3s Expertise em Ve\u00edculos Multimarcas Beni Ve\u00edculos \u00e9 uma garagem de ve\u00edculos localizada em Caarap\u00f3\/MS, dedicada a oferecer um atendimento personalizado com seguran\u00e7a e transpar\u00eancia em cada transa\u00e7\u00e3o. Com expertise em ve\u00edculos multimarcas, nossa equipe seleciona rigorosamente carros novos e seminovos, priorizando a qualidade, proced\u00eancia e confian\u00e7a para os nossos clientes. Miss\u00e3oNossa miss\u00e3o \u00e9 [&hellip;]<\/p>\n","protected":false},"author":1,"featured_media":0,"parent":0,"menu_order":0,"comment_status":"closed","ping_status":"closed","template":"elementor_header_footer","meta":{"footnotes":""},"class_list":["post-210","page","type-page","status-publish","hentry"],"_links":{"self":[{"href":"https:\/\/optimusdev.com.br\/beniveiculos\/wp-json\/wp\/v2\/pages\/210"}],"collection":[{"href":"https:\/\/optimusdev.com.br\/beniveiculos\/wp-json\/wp\/v2\/pages"}],"about":[{"href":"https:\/\/optimusdev.com.br\/beniveiculos\/wp-json\/wp\/v2\/types\/page"}],"author":[{"embeddable":true,"href":"https:\/\/optimusdev.com.br\/beniveiculos\/wp-json\/wp\/v2\/users\/1"}],"replies":[{"embeddable":true,"href":"https:\/\/optimusdev.com.br\/beniveiculos\/wp-json\/wp\/v2\/comments?post=210"}],"version-history":[{"count":58,"href":"https:\/\/optimusdev.com.br\/beniveiculos\/wp-json\/wp\/v2\/pages\/210\/revisions"}],"predecessor-version":[{"id":701,"href":"https:\/\/optimusdev.com.br\/beniveiculos\/wp-json\/wp\/v2\/pages\/210\/revisions\/701"}],"wp:attachment":[{"href":"https:\/\/optimusdev.com.br\/beniveiculos\/wp-json\/wp\/v2\/media?parent=210"}],"curies":[{"name":"wp","href":"https:\/\/api.w.org\/{rel}","templated":true}]}}