{"id":214,"date":"2024-10-30T00:46:29","date_gmt":"2024-10-30T00:46:29","guid":{"rendered":"https:\/\/optimusdev.com.br\/beniveiculos\/?page_id=214"},"modified":"2024-11-22T23:31:49","modified_gmt":"2024-11-22T23:31:49","slug":"anuncie-seu-veiculo","status":"publish","type":"page","link":"https:\/\/optimusdev.com.br\/beniveiculos\/anuncie-seu-veiculo\/","title":{"rendered":"Anuncie seu Ve\u00edculo"},"content":{"rendered":"\t\t<div data-elementor-type=\"wp-page\" data-elementor-id=\"214\" class=\"elementor elementor-214\" data-elementor-post-type=\"page\">\n\t\t\t\t<div class=\"elementor-element elementor-element-76e328d e-flex e-con-boxed e-con e-parent\" data-id=\"76e328d\" data-element_type=\"container\" data-settings=\"{&quot;background_background&quot;:&quot;classic&quot;}\">\n\t\t\t\t\t<div class=\"e-con-inner\">\n\t\t\t\t<div class=\"elementor-element elementor-element-28a211c elementor-widget elementor-widget-heading\" data-id=\"28a211c\" data-element_type=\"widget\" data-widget_type=\"heading.default\">\n\t\t\t\t<div class=\"elementor-widget-container\">\n\t\t\t<h1 class=\"elementor-heading-title elementor-size-default\">Gostaria de vender o seu ve\u00edculo?<\/h1>\t\t<\/div>\n\t\t\t\t<\/div>\n\t\t\t\t<div class=\"elementor-element elementor-element-a455f61 elementor-widget elementor-widget-heading\" data-id=\"a455f61\" data-element_type=\"widget\" data-widget_type=\"heading.default\">\n\t\t\t\t<div class=\"elementor-widget-container\">\n\t\t\t<h1 class=\"elementor-heading-title elementor-size-default\">Solicite sua avalia\u00e7\u00e3o sem compromisso<\/h1>\t\t<\/div>\n\t\t\t\t<\/div>\n\t\t\t\t\t<\/div>\n\t\t\t\t<\/div>\n\t\t<div class=\"elementor-element elementor-element-9882f14 e-flex e-con-boxed e-con e-parent\" data-id=\"9882f14\" data-element_type=\"container\" data-settings=\"{&quot;background_background&quot;:&quot;classic&quot;}\">\n\t\t\t\t\t<div class=\"e-con-inner\">\n\t\t<div class=\"elementor-element elementor-element-2050df6 e-con-full e-flex e-con e-child\" data-id=\"2050df6\" data-element_type=\"container\">\n\t\t\t\t<div class=\"elementor-element elementor-element-4c0182a elementor-widget elementor-widget-heading\" data-id=\"4c0182a\" data-element_type=\"widget\" data-widget_type=\"heading.default\">\n\t\t\t\t<div class=\"elementor-widget-container\">\n\t\t\t<h2 class=\"elementor-heading-title elementor-size-default\">Preencha o formul\u00e1rio abaixo:<\/h2>\t\t<\/div>\n\t\t\t\t<\/div>\n\t\t\t\t<div class=\"elementor-element elementor-element-fb1964f elementor-button-align-stretch elementor-widget elementor-widget-form\" data-id=\"fb1964f\" data-element_type=\"widget\" data-settings=\"{&quot;step_next_label&quot;:&quot;Next&quot;,&quot;step_previous_label&quot;:&quot;Previous&quot;,&quot;button_width&quot;:&quot;100&quot;,&quot;step_type&quot;:&quot;number_text&quot;,&quot;step_icon_shape&quot;:&quot;circle&quot;}\" data-widget_type=\"form.default\">\n\t\t\t\t<div class=\"elementor-widget-container\">\n\t\t\t\t\t<form class=\"elementor-form\" method=\"post\" name=\"Formul\u00e1rio de Avalia\u00e7\u00e3o\">\n\t\t\t<input type=\"hidden\" name=\"post_id\" value=\"214\"\/>\n\t\t\t<input type=\"hidden\" name=\"form_id\" value=\"fb1964f\"\/>\n\t\t\t<input type=\"hidden\" name=\"referer_title\" value=\"Anuncie seu Ve\u00edculo\" \/>\n\n\t\t\t\t\t\t\t<input type=\"hidden\" name=\"queried_id\" value=\"214\"\/>\n\t\t\t\n\t\t\t<div class=\"elementor-form-fields-wrapper elementor-labels-\">\n\t\t\t\t\t\t\t\t<div class=\"elementor-field-type-text elementor-field-group elementor-column elementor-field-group-name elementor-col-100\">\n\t\t\t\t\t\t\t\t\t\t\t\t<label for=\"form-field-name\" class=\"elementor-field-label elementor-screen-only\">\n\t\t\t\t\t\t\t\tNome\t\t\t\t\t\t\t<\/label>\n\t\t\t\t\t\t\t\t\t\t\t\t\t\t<input size=\"1\" type=\"text\" name=\"form_fields[name]\" id=\"form-field-name\" class=\"elementor-field elementor-size-md  elementor-field-textual\" placeholder=\"Nome\">\n\t\t\t\t\t\t\t\t\t\t\t<\/div>\n\t\t\t\t\t\t\t\t<div class=\"elementor-field-type-email elementor-field-group elementor-column elementor-field-group-email elementor-col-100 elementor-field-required\">\n\t\t\t\t\t\t\t\t\t\t\t\t<label for=\"form-field-email\" class=\"elementor-field-label elementor-screen-only\">\n\t\t\t\t\t\t\t\tEmail\t\t\t\t\t\t\t<\/label>\n\t\t\t\t\t\t\t\t\t\t\t\t\t\t<input size=\"1\" type=\"email\" name=\"form_fields[email]\" id=\"form-field-email\" class=\"elementor-field elementor-size-md  elementor-field-textual\" placeholder=\"E-mail\" required=\"required\" aria-required=\"true\">\n\t\t\t\t\t\t\t\t\t\t\t<\/div>\n\t\t\t\t\t\t\t\t<div class=\"elementor-field-type-text elementor-field-group elementor-column elementor-field-group-field_a642f6c elementor-col-100 elementor-field-required\">\n\t\t\t\t\t\t\t\t\t\t\t\t<label for=\"form-field-field_a642f6c\" class=\"elementor-field-label elementor-screen-only\">\n\t\t\t\t\t\t\t\tWhatsapp\t\t\t\t\t\t\t<\/label>\n\t\t\t\t\t\t\t\t\t\t\t\t\t\t<input size=\"1\" type=\"text\" name=\"form_fields[field_a642f6c]\" id=\"form-field-field_a642f6c\" class=\"elementor-field elementor-size-md  elementor-field-textual\" placeholder=\"Whatsapp\" required=\"required\" aria-required=\"true\">\n\t\t\t\t\t\t\t\t\t\t\t<\/div>\n\t\t\t\t\t\t\t\t<div class=\"elementor-field-type-textarea elementor-field-group elementor-column elementor-field-group-message elementor-col-100\">\n\t\t\t\t\t\t\t\t\t\t\t\t<label for=\"form-field-message\" class=\"elementor-field-label elementor-screen-only\">\n\t\t\t\t\t\t\t\tDados do Ve\u00edculo\t\t\t\t\t\t\t<\/label>\n\t\t\t\t\t\t<textarea class=\"elementor-field-textual elementor-field  elementor-size-md\" name=\"form_fields[message]\" id=\"form-field-message\" rows=\"4\" placeholder=\"Dados do Ve\u00edculo\"><\/textarea>\t\t\t\t<\/div>\n\t\t\t\t\t\t\t\t<div class=\"elementor-field-type-text elementor-field-group elementor-column elementor-field-group-field_ecd97f3 elementor-col-20 elementor-sm-50\">\n\t\t\t\t\t\t\t\t\t\t\t\t<label for=\"form-field-field_ecd97f3\" class=\"elementor-field-label elementor-screen-only\">\n\t\t\t\t\t\t\t\tMarca\t\t\t\t\t\t\t<\/label>\n\t\t\t\t\t\t\t\t\t\t\t\t\t\t<input size=\"1\" type=\"text\" name=\"form_fields[field_ecd97f3]\" id=\"form-field-field_ecd97f3\" class=\"elementor-field elementor-size-md  elementor-field-textual\" placeholder=\"Marca\">\n\t\t\t\t\t\t\t\t\t\t\t<\/div>\n\t\t\t\t\t\t\t\t<div class=\"elementor-field-type-text elementor-field-group elementor-column elementor-field-group-field_7ededa8 elementor-col-20 elementor-sm-50\">\n\t\t\t\t\t\t\t\t\t\t\t\t<label for=\"form-field-field_7ededa8\" class=\"elementor-field-label elementor-screen-only\">\n\t\t\t\t\t\t\t\tModelo\t\t\t\t\t\t\t<\/label>\n\t\t\t\t\t\t\t\t\t\t\t\t\t\t<input size=\"1\" type=\"text\" name=\"form_fields[field_7ededa8]\" id=\"form-field-field_7ededa8\" class=\"elementor-field elementor-size-md  elementor-field-textual\" placeholder=\"Modelo\">\n\t\t\t\t\t\t\t\t\t\t\t<\/div>\n\t\t\t\t\t\t\t\t<div class=\"elementor-field-type-text elementor-field-group elementor-column elementor-field-group-field_471a15a elementor-col-20 elementor-sm-33\">\n\t\t\t\t\t\t\t\t\t\t\t\t<label for=\"form-field-field_471a15a\" class=\"elementor-field-label elementor-screen-only\">\n\t\t\t\t\t\t\t\tAno\t\t\t\t\t\t\t<\/label>\n\t\t\t\t\t\t\t\t\t\t\t\t\t\t<input size=\"1\" type=\"text\" name=\"form_fields[field_471a15a]\" id=\"form-field-field_471a15a\" class=\"elementor-field elementor-size-md  elementor-field-textual\" placeholder=\"Ano\">\n\t\t\t\t\t\t\t\t\t\t\t<\/div>\n\t\t\t\t\t\t\t\t<div class=\"elementor-field-type-text elementor-field-group elementor-column elementor-field-group-field_31c6fe1 elementor-col-20 elementor-sm-33\">\n\t\t\t\t\t\t\t\t\t\t\t\t<label for=\"form-field-field_31c6fe1\" class=\"elementor-field-label elementor-screen-only\">\n\t\t\t\t\t\t\t\tCor\t\t\t\t\t\t\t<\/label>\n\t\t\t\t\t\t\t\t\t\t\t\t\t\t<input size=\"1\" type=\"text\" name=\"form_fields[field_31c6fe1]\" id=\"form-field-field_31c6fe1\" class=\"elementor-field elementor-size-md  elementor-field-textual\" placeholder=\"Cor\">\n\t\t\t\t\t\t\t\t\t\t\t<\/div>\n\t\t\t\t\t\t\t\t<div class=\"elementor-field-type-text elementor-field-group elementor-column elementor-field-group-field_9fa2edd elementor-col-20 elementor-sm-33\">\n\t\t\t\t\t\t\t\t\t\t\t\t<label for=\"form-field-field_9fa2edd\" class=\"elementor-field-label elementor-screen-only\">\n\t\t\t\t\t\t\t\tKM\t\t\t\t\t\t\t<\/label>\n\t\t\t\t\t\t\t\t\t\t\t\t\t\t<input size=\"1\" type=\"text\" name=\"form_fields[field_9fa2edd]\" id=\"form-field-field_9fa2edd\" class=\"elementor-field elementor-size-md  elementor-field-textual\" placeholder=\"KM\">\n\t\t\t\t\t\t\t\t\t\t\t<\/div>\n\t\t\t\t\t\t\t\t<div class=\"elementor-field-group elementor-column elementor-field-type-submit elementor-col-100 e-form__buttons\">\n\t\t\t\t\t<button class=\"elementor-button elementor-size-md elementor-animation-pulse-grow\" type=\"submit\">\n\t\t\t\t\t\t<span class=\"elementor-button-content-wrapper\">\n\t\t\t\t\t\t\t\t\t\t\t\t\t\t\t\t\t\t\t\t\t\t<span class=\"elementor-button-text\">Solicitar Avalia\u00e7\u00e3o<\/span>\n\t\t\t\t\t\t\t\t\t\t\t\t\t<\/span>\n\t\t\t\t\t<\/button>\n\t\t\t\t<\/div>\n\t\t\t<\/div>\n\t\t<\/form>\n\t\t\t\t<\/div>\n\t\t\t\t<\/div>\n\t\t\t\t<\/div>\n\t\t<div class=\"elementor-element elementor-element-b243721 e-con-full e-flex e-con e-child\" data-id=\"b243721\" data-element_type=\"container\" data-settings=\"{&quot;background_background&quot;:&quot;classic&quot;}\">\n\t\t\t\t<div class=\"elementor-element elementor-element-f4bd995 elementor-widget elementor-widget-heading\" data-id=\"f4bd995\" data-element_type=\"widget\" data-widget_type=\"heading.default\">\n\t\t\t\t<div class=\"elementor-widget-container\">\n\t\t\t<h2 class=\"elementor-heading-title elementor-size-default\">Como funciona?<\/h2>\t\t<\/div>\n\t\t\t\t<\/div>\n\t\t\t\t<div class=\"elementor-element elementor-element-10fe5cf elementor-position-left elementor-vertical-align-middle elementor-position-top elementor-widget elementor-widget-image-box\" data-id=\"10fe5cf\" data-element_type=\"widget\" data-widget_type=\"image-box.default\">\n\t\t\t\t<div class=\"elementor-widget-container\">\n\t\t\t<div class=\"elementor-image-box-wrapper\"><figure class=\"elementor-image-box-img\"><img fetchpriority=\"high\" decoding=\"async\" width=\"512\" height=\"512\" src=\"https:\/\/optimusdev.com.br\/beniveiculos\/wp-content\/uploads\/2024\/11\/avaliacao.png\" class=\"attachment-full size-full wp-image-725\" alt=\"\" srcset=\"https:\/\/optimusdev.com.br\/beniveiculos\/wp-content\/uploads\/2024\/11\/avaliacao.png 512w, https:\/\/optimusdev.com.br\/beniveiculos\/wp-content\/uploads\/2024\/11\/avaliacao-300x300.png 300w, https:\/\/optimusdev.com.br\/beniveiculos\/wp-content\/uploads\/2024\/11\/avaliacao-150x150.png 150w\" sizes=\"(max-width: 512px) 100vw, 512px\" \/><\/figure><div class=\"elementor-image-box-content\"><h3 class=\"elementor-image-box-title\">Nossa equipe vai avaliar as informa\u00e7\u00f5es<\/h3><\/div><\/div>\t\t<\/div>\n\t\t\t\t<\/div>\n\t\t\t\t<div class=\"elementor-element elementor-element-297fbd5 elementor-position-left elementor-vertical-align-middle elementor-position-top elementor-widget elementor-widget-image-box\" data-id=\"297fbd5\" data-element_type=\"widget\" data-widget_type=\"image-box.default\">\n\t\t\t\t<div class=\"elementor-widget-container\">\n\t\t\t<div class=\"elementor-image-box-wrapper\"><figure class=\"elementor-image-box-img\"><img decoding=\"async\" width=\"512\" height=\"512\" src=\"https:\/\/optimusdev.com.br\/beniveiculos\/wp-content\/uploads\/2024\/11\/Venda-Beni.png\" class=\"attachment-full size-full wp-image-724\" alt=\"\" srcset=\"https:\/\/optimusdev.com.br\/beniveiculos\/wp-content\/uploads\/2024\/11\/Venda-Beni.png 512w, https:\/\/optimusdev.com.br\/beniveiculos\/wp-content\/uploads\/2024\/11\/Venda-Beni-300x300.png 300w, https:\/\/optimusdev.com.br\/beniveiculos\/wp-content\/uploads\/2024\/11\/Venda-Beni-150x150.png 150w\" sizes=\"(max-width: 512px) 100vw, 512px\" \/><\/figure><div class=\"elementor-image-box-content\"><h3 class=\"elementor-image-box-title\">Um vendendor entrar\u00e1 em contato<\/h3><\/div><\/div>\t\t<\/div>\n\t\t\t\t<\/div>\n\t\t\t\t<div class=\"elementor-element elementor-element-d4231dc elementor-position-left elementor-vertical-align-middle elementor-position-top elementor-widget elementor-widget-image-box\" data-id=\"d4231dc\" data-element_type=\"widget\" data-widget_type=\"image-box.default\">\n\t\t\t\t<div class=\"elementor-widget-container\">\n\t\t\t<div class=\"elementor-image-box-wrapper\"><figure class=\"elementor-image-box-img\"><img decoding=\"async\" width=\"512\" height=\"512\" src=\"https:\/\/optimusdev.com.br\/beniveiculos\/wp-content\/uploads\/2024\/11\/aperto-de-mao.png\" class=\"attachment-full size-full wp-image-726\" alt=\"\" srcset=\"https:\/\/optimusdev.com.br\/beniveiculos\/wp-content\/uploads\/2024\/11\/aperto-de-mao.png 512w, https:\/\/optimusdev.com.br\/beniveiculos\/wp-content\/uploads\/2024\/11\/aperto-de-mao-300x300.png 300w, https:\/\/optimusdev.com.br\/beniveiculos\/wp-content\/uploads\/2024\/11\/aperto-de-mao-150x150.png 150w\" sizes=\"(max-width: 512px) 100vw, 512px\" \/><\/figure><div class=\"elementor-image-box-content\"><h3 class=\"elementor-image-box-title\">Fecharemos neg\u00f3cio<\/h3><\/div><\/div>\t\t<\/div>\n\t\t\t\t<\/div>\n\t\t\t\t<\/div>\n\t\t\t\t\t<\/div>\n\t\t\t\t<\/div>\n\t\t\t\t<\/div>\n\t\t","protected":false},"excerpt":{"rendered":"<p>Gostaria de vender o seu ve\u00edculo? Solicite sua avalia\u00e7\u00e3o sem compromisso Preencha o formul\u00e1rio abaixo: Como funciona? Nossa equipe vai avaliar as informa\u00e7\u00f5es Um vendendor entrar\u00e1 em contato Fecharemos neg\u00f3cio<\/p>\n","protected":false},"author":1,"featured_media":0,"parent":0,"menu_order":0,"comment_status":"closed","ping_status":"closed","template":"elementor_header_footer","meta":{"footnotes":""},"class_list":["post-214","page","type-page","status-publish","hentry"],"_links":{"self":[{"href":"https:\/\/optimusdev.com.br\/beniveiculos\/wp-json\/wp\/v2\/pages\/214"}],"collection":[{"href":"https:\/\/optimusdev.com.br\/beniveiculos\/wp-json\/wp\/v2\/pages"}],"about":[{"href":"https:\/\/optimusdev.com.br\/beniveiculos\/wp-json\/wp\/v2\/types\/page"}],"author":[{"embeddable":true,"href":"https:\/\/optimusdev.com.br\/beniveiculos\/wp-json\/wp\/v2\/users\/1"}],"replies":[{"embeddable":true,"href":"https:\/\/optimusdev.com.br\/beniveiculos\/wp-json\/wp\/v2\/comments?post=214"}],"version-history":[{"count":55,"href":"https:\/\/optimusdev.com.br\/beniveiculos\/wp-json\/wp\/v2\/pages\/214\/revisions"}],"predecessor-version":[{"id":776,"href":"https:\/\/optimusdev.com.br\/beniveiculos\/wp-json\/wp\/v2\/pages\/214\/revisions\/776"}],"wp:attachment":[{"href":"https:\/\/optimusdev.com.br\/beniveiculos\/wp-json\/wp\/v2\/media?parent=214"}],"curies":[{"name":"wp","href":"https:\/\/api.w.org\/{rel}","templated":true}]}}