{"id":29,"date":"2024-03-03T15:36:52","date_gmt":"2024-03-03T19:36:52","guid":{"rendered":"https:\/\/optimusdev.com.br\/hotelquintadosul\/?page_id=29"},"modified":"2024-04-03T19:50:52","modified_gmt":"2024-04-03T23:50:52","slug":"sobre-nos","status":"publish","type":"page","link":"https:\/\/optimusdev.com.br\/hotelquintadosul\/sobre-nos\/","title":{"rendered":"Sobre N\u00f3s"},"content":{"rendered":"\t\t<div data-elementor-type=\"wp-page\" data-elementor-id=\"29\" class=\"elementor elementor-29\" data-elementor-settings=\"{&quot;ha_cmc_init_switcher&quot;:&quot;no&quot;}\" data-elementor-post-type=\"page\">\n\t\t\t\t<div class=\"elementor-element elementor-element-35d3f781 e-flex e-con-boxed e-con e-parent\" data-id=\"35d3f781\" data-element_type=\"container\" data-settings=\"{&quot;background_background&quot;:&quot;gradient&quot;,&quot;_ha_eqh_enable&quot;:false}\">\n\t\t\t\t\t<div class=\"e-con-inner\">\n\t\t\t\t<div class=\"elementor-element elementor-element-2b4e7fd elementor-invisible elementor-widget elementor-widget-theme-post-title elementor-page-title elementor-widget-heading\" data-id=\"2b4e7fd\" data-element_type=\"widget\" data-settings=\"{&quot;_animation&quot;:&quot;bounceInUp&quot;}\" data-widget_type=\"theme-post-title.default\">\n\t\t\t\t<div class=\"elementor-widget-container\">\n\t\t\t\t\t<h1 class=\"elementor-heading-title elementor-size-default\">Sobre N\u00f3s<\/h1>\t\t\t\t<\/div>\n\t\t\t\t<\/div>\n\t\t\t\t<div class=\"elementor-element elementor-element-40bd4f17 elementor-invisible elementor-widget elementor-widget-heading\" data-id=\"40bd4f17\" data-element_type=\"widget\" data-settings=\"{&quot;_animation&quot;:&quot;slideInLeft&quot;}\" data-widget_type=\"heading.default\">\n\t\t\t\t<div class=\"elementor-widget-container\">\n\t\t\t\t\t<div class=\"elementor-heading-title elementor-size-default\">Na ess\u00eancia da nossa hospitalidade reside a arte de criar mem\u00f3rias inesquec\u00edveis!<\/div>\t\t\t\t<\/div>\n\t\t\t\t<\/div>\n\t\t\t\t\t<\/div>\n\t\t\t\t<\/div>\n\t\t<div class=\"elementor-element elementor-element-b7b0ea7 e-con-full e-flex e-con e-parent\" data-id=\"b7b0ea7\" data-element_type=\"container\" data-settings=\"{&quot;background_background&quot;:&quot;classic&quot;,&quot;_ha_eqh_enable&quot;:false}\">\n\t\t<div class=\"elementor-element elementor-element-ccc9039 e-flex e-con-boxed e-con e-child\" data-id=\"ccc9039\" data-element_type=\"container\" data-settings=\"{&quot;_ha_eqh_enable&quot;:false}\">\n\t\t\t\t\t<div class=\"e-con-inner\">\n\t\t\t\t<div class=\"elementor-element elementor-element-e1dc7f9 elementor-invisible elementor-widget elementor-widget-heading\" data-id=\"e1dc7f9\" data-element_type=\"widget\" data-settings=\"{&quot;_animation&quot;:&quot;bounceInRight&quot;}\" data-widget_type=\"heading.default\">\n\t\t\t\t<div class=\"elementor-widget-container\">\n\t\t\t\t\t<div class=\"elementor-heading-title elementor-size-default\">Sobre N\u00f3s<\/div>\t\t\t\t<\/div>\n\t\t\t\t<\/div>\n\t\t\t\t<div class=\"elementor-element elementor-element-486e9d9 elementor-invisible elementor-widget elementor-widget-heading\" data-id=\"486e9d9\" data-element_type=\"widget\" data-settings=\"{&quot;_animation&quot;:&quot;bounceInDown&quot;}\" data-widget_type=\"heading.default\">\n\t\t\t\t<div class=\"elementor-widget-container\">\n\t\t\t\t\t<h2 class=\"elementor-heading-title elementor-size-default\">Bem vindo(a) ao Quinta do Sul Hotel Pousada<\/h2>\t\t\t\t<\/div>\n\t\t\t\t<\/div>\n\t\t\t\t<div class=\"elementor-element elementor-element-aac3600 elementor-invisible elementor-widget elementor-widget-text-editor\" data-id=\"aac3600\" data-element_type=\"widget\" data-settings=\"{&quot;_animation&quot;:&quot;bounceIn&quot;}\" data-widget_type=\"text-editor.default\">\n\t\t\t\t<div class=\"elementor-widget-container\">\n\t\t\t\t\t\t\t\t\t<p>O charme e a serenidade encontram-se no cora\u00e7\u00e3o de Caarap\u00f3-MS, oferecendo uma experi\u00eancia \u00fanica de hospedagem, fundado em meados de 2007, o nosso hotel pousada \u00e9 o resultado da paix\u00e3o pela hospitalidade e pelo desejo de oferecer um ref\u00fagio tranquilo e acolhedor para todos os nossos h\u00f3spedes.<\/p>\t\t\t\t\t\t\t\t<\/div>\n\t\t\t\t<\/div>\n\t\t\t\t<div class=\"elementor-element elementor-element-ba368cf elementor-widget elementor-widget-heading\" data-id=\"ba368cf\" data-element_type=\"widget\" data-widget_type=\"heading.default\">\n\t\t\t\t<div class=\"elementor-widget-container\">\n\t\t\t\t\t<div class=\"elementor-heading-title elementor-size-default\">Nossa Hist\u00f3ria<\/div>\t\t\t\t<\/div>\n\t\t\t\t<\/div>\n\t\t\t\t<div class=\"elementor-element elementor-element-575b913 elementor-widget elementor-widget-text-editor\" data-id=\"575b913\" data-element_type=\"widget\" data-widget_type=\"text-editor.default\">\n\t\t\t\t<div class=\"elementor-widget-container\">\n\t\t\t\t\t\t\t\t\t<p>A hist\u00f3ria do Quinta do Sul come\u00e7a com o sonho de criar um espa\u00e7o onde viajantes de todo o mundo pudessem se sentir em casa.<br \/>Inspirados pela beleza natural e rica cultura de Caarap\u00f3, n\u00f3s decidimos transformar essa vis\u00e3o em realidade, ao longo dos anos, nossa paix\u00e3o e dedica\u00e7\u00e3o se refletem em cada detalhe da pousada, desde a arquitetura inspirada na regi\u00e3o at\u00e9 o servi\u00e7o caloroso e personalizado.<\/p>\t\t\t\t\t\t\t\t<\/div>\n\t\t\t\t<\/div>\n\t\t\t\t\t<\/div>\n\t\t\t\t<\/div>\n\t\t<div class=\"elementor-element elementor-element-f5363cb e-con-full e-flex e-con e-child\" data-id=\"f5363cb\" data-element_type=\"container\" data-settings=\"{&quot;background_background&quot;:&quot;classic&quot;,&quot;_ha_eqh_enable&quot;:false}\">\n\t\t\t\t<div class=\"elementor-element elementor-element-2980646 elementor-widget elementor-widget-spacer\" data-id=\"2980646\" data-element_type=\"widget\" data-settings=\"{&quot;_animation&quot;:&quot;none&quot;}\" data-widget_type=\"spacer.default\">\n\t\t\t\t<div class=\"elementor-widget-container\">\n\t\t\t\t\t\t\t<div class=\"elementor-spacer\">\n\t\t\t<div class=\"elementor-spacer-inner\"><\/div>\n\t\t<\/div>\n\t\t\t\t\t\t<\/div>\n\t\t\t\t<\/div>\n\t\t\t\t<\/div>\n\t\t\t\t<\/div>\n\t\t<div class=\"elementor-element elementor-element-fe1a408 e-con-full e-flex e-con e-parent\" data-id=\"fe1a408\" data-element_type=\"container\" data-settings=\"{&quot;background_background&quot;:&quot;classic&quot;,&quot;_ha_eqh_enable&quot;:false}\">\n\t\t<div data-ha-element-link=\"{&quot;url&quot;:&quot;#missao&quot;,&quot;is_external&quot;:&quot;&quot;,&quot;nofollow&quot;:&quot;&quot;}\" style=\"cursor: pointer\" class=\"elementor-element elementor-element-c99dc0d e-con-full e-flex e-con e-child\" data-id=\"c99dc0d\" data-element_type=\"container\" data-settings=\"{&quot;_ha_eqh_enable&quot;:false}\">\n\t\t\t\t<div class=\"elementor-element elementor-element-5d03e37 elementor-widget__width-initial elementor-widget-mobile__width-inherit elementor-position-top ha-has-bg-overlay elementor-invisible elementor-widget elementor-widget-image-box\" data-id=\"5d03e37\" data-element_type=\"widget\" data-settings=\"{&quot;_animation&quot;:&quot;bounceInLeft&quot;}\" data-widget_type=\"image-box.default\">\n\t\t\t\t<div class=\"elementor-widget-container\">\n\t\t\t\t\t<div class=\"elementor-image-box-wrapper\"><figure class=\"elementor-image-box-img\"><img fetchpriority=\"high\" decoding=\"async\" width=\"512\" height=\"512\" src=\"https:\/\/optimusdev.com.br\/hotelquintadosul\/wp-content\/uploads\/2024\/03\/tendencia-flecha-pra-cima.svg\" class=\"attachment-full size-full wp-image-481\" alt=\"\" \/><\/figure><div class=\"elementor-image-box-content\"><h3 class=\"elementor-image-box-title\">Miss\u00e3o<\/h3><p class=\"elementor-image-box-description\">Conhe\u00e7a a Nossa Miss\u00e3o<\/p><\/div><\/div>\t\t\t\t<\/div>\n\t\t\t\t<\/div>\n\t\t\t\t<div class=\"elementor-element elementor-element-f90e260 elementor-widget__width-initial elementor-widget-mobile__width-inherit elementor-position-top ha-has-bg-overlay elementor-invisible elementor-widget elementor-widget-image-box\" data-id=\"f90e260\" data-element_type=\"widget\" data-settings=\"{&quot;_animation&quot;:&quot;bounceInDown&quot;}\" data-widget_type=\"image-box.default\">\n\t\t\t\t<div class=\"elementor-widget-container\">\n\t\t\t\t\t<div class=\"elementor-image-box-wrapper\"><figure class=\"elementor-image-box-img\"><img decoding=\"async\" width=\"512\" height=\"512\" src=\"https:\/\/optimusdev.com.br\/hotelquintadosul\/wp-content\/uploads\/2024\/03\/premium-selo-de-qualidade.svg\" class=\"attachment-full size-full wp-image-480\" alt=\"\" \/><\/figure><div class=\"elementor-image-box-content\"><h3 class=\"elementor-image-box-title\">Acomoda\u00e7\u00f5es<\/h3><p class=\"elementor-image-box-description\">Descri\u00e7\u00e3o das Nossas Su\u00edtes<\/p><\/div><\/div>\t\t\t\t<\/div>\n\t\t\t\t<\/div>\n\t\t\t\t<div class=\"elementor-element elementor-element-29b9b10 elementor-widget__width-initial elementor-widget-mobile__width-inherit elementor-position-top ha-has-bg-overlay elementor-invisible elementor-widget elementor-widget-image-box\" data-id=\"29b9b10\" data-element_type=\"widget\" data-settings=\"{&quot;_animation&quot;:&quot;bounceInRight&quot;}\" data-widget_type=\"image-box.default\">\n\t\t\t\t<div class=\"elementor-widget-container\">\n\t\t\t\t\t<div class=\"elementor-image-box-wrapper\"><figure class=\"elementor-image-box-img\"><img decoding=\"async\" width=\"545\" height=\"524\" src=\"https:\/\/optimusdev.com.br\/hotelquintadosul\/wp-content\/uploads\/2024\/03\/Negocio-fechado-comunidade.svg\" class=\"attachment-full size-full wp-image-479\" alt=\"\" \/><\/figure><div class=\"elementor-image-box-content\"><h3 class=\"elementor-image-box-title\">Servi\u00e7os<\/h3><p class=\"elementor-image-box-description\">Verifique Nossos Servi\u00e7os<\/p><\/div><\/div>\t\t\t\t<\/div>\n\t\t\t\t<\/div>\n\t\t\t\t<\/div>\n\t\t\t\t<\/div>\n\t\t<div class=\"elementor-element elementor-element-9c72c7a e-con-full e-flex e-con e-parent\" data-id=\"9c72c7a\" data-element_type=\"container\" id=\"missao\" data-settings=\"{&quot;background_background&quot;:&quot;classic&quot;,&quot;_ha_eqh_enable&quot;:false}\">\n\t\t\t\t<div class=\"elementor-element elementor-element-4ad4e63 elementor-widget elementor-widget-heading\" data-id=\"4ad4e63\" data-element_type=\"widget\" data-widget_type=\"heading.default\">\n\t\t\t\t<div class=\"elementor-widget-container\">\n\t\t\t\t\t<h2 class=\"elementor-heading-title elementor-size-default\">Nossa Miss\u00e3o<\/h2>\t\t\t\t<\/div>\n\t\t\t\t<\/div>\n\t\t\t\t<div class=\"elementor-element elementor-element-5940144 elementor-widget elementor-widget-text-editor\" data-id=\"5940144\" data-element_type=\"widget\" data-widget_type=\"text-editor.default\">\n\t\t\t\t<div class=\"elementor-widget-container\">\n\t\t\t\t\t\t\t\t\t<p>Nossa miss\u00e3o \u00e9 proporcionar uma experi\u00eancia memor\u00e1vel e relaxante para nossos h\u00f3spedes, oferecendo acomoda\u00e7\u00f5es confort\u00e1veis, servi\u00e7os de alta qualidade e uma atmosfera acolhedora, nosso compromisso \u00e9 com a excel\u00eancia, garantindo que cada h\u00f3spede se sinta especial e valorizado durante sua estadia.<\/p>\t\t\t\t\t\t\t\t<\/div>\n\t\t\t\t<\/div>\n\t\t\t\t<\/div>\n\t\t<div class=\"elementor-element elementor-element-51c351c e-con-full e-flex e-con e-parent\" data-id=\"51c351c\" data-element_type=\"container\" id=\"acomodacoes\" data-settings=\"{&quot;background_background&quot;:&quot;classic&quot;,&quot;_ha_eqh_enable&quot;:false}\">\n\t\t\t\t<div class=\"elementor-element elementor-element-c6fd800 elementor-widget elementor-widget-heading\" data-id=\"c6fd800\" data-element_type=\"widget\" data-widget_type=\"heading.default\">\n\t\t\t\t<div class=\"elementor-widget-container\">\n\t\t\t\t\t<h2 class=\"elementor-heading-title elementor-size-default\">Nossas Acomoda\u00e7\u00f5es<\/h2>\t\t\t\t<\/div>\n\t\t\t\t<\/div>\n\t\t\t\t<div class=\"elementor-element elementor-element-7286ffc elementor-widget elementor-widget-text-editor\" data-id=\"7286ffc\" data-element_type=\"widget\" data-widget_type=\"text-editor.default\">\n\t\t\t\t<div class=\"elementor-widget-container\">\n\t\t\t\t\t\t\t\t\t<p>As acomoda\u00e7\u00f5es foram cuidadosamente projetadas para garantir o m\u00e1ximo de conforto e privacidade, cada su\u00edte \u00e9 um convite para relaxar, equipada com todas as comodidades modernas, incluindo ar-condicionado, TV, Wi-Fi, Frigobar e muito mais. <br \/>A decora\u00e7\u00e3o reflete a paisagem e cultura locais, criando um ambiente tranquilo e inspirador.<\/p>\t\t\t\t\t\t\t\t<\/div>\n\t\t\t\t<\/div>\n\t\t\t\t<\/div>\n\t\t<div class=\"elementor-element elementor-element-6292892 e-con-full e-flex e-con e-parent\" data-id=\"6292892\" data-element_type=\"container\" id=\"servicos\" data-settings=\"{&quot;background_background&quot;:&quot;classic&quot;,&quot;_ha_eqh_enable&quot;:false}\">\n\t\t\t\t<div class=\"elementor-element elementor-element-49f5623 elementor-widget elementor-widget-heading\" data-id=\"49f5623\" data-element_type=\"widget\" data-widget_type=\"heading.default\">\n\t\t\t\t<div class=\"elementor-widget-container\">\n\t\t\t\t\t<h2 class=\"elementor-heading-title elementor-size-default\">Nossos Servi\u00e7os<\/h2>\t\t\t\t<\/div>\n\t\t\t\t<\/div>\n\t\t\t\t<div class=\"elementor-element elementor-element-affb410 elementor-widget elementor-widget-text-editor\" data-id=\"affb410\" data-element_type=\"widget\" data-widget_type=\"text-editor.default\">\n\t\t\t\t<div class=\"elementor-widget-container\">\n\t\t\t\t\t\t\t\t\t<p>Oferecemos uma gama de servi\u00e7os pensados para tornar sua estadia ainda mais prazerosa, desfrute de nosso delicioso caf\u00e9 da manh\u00e3 com especialidades locais, relaxe em nossa \u00e1rea de lazer com espregui\u00e7adeiras e jardim, ou explore a regi\u00e3o. <br \/>Nosso atendimento \u00e9 personalizado, sempre pronto para atender \u00e0s suas necessidades.<\/p>\t\t\t\t\t\t\t\t<\/div>\n\t\t\t\t<\/div>\n\t\t\t\t<\/div>\n\t\t<div class=\"elementor-element elementor-element-077cb8a e-con-full e-flex e-con e-parent\" data-id=\"077cb8a\" data-element_type=\"container\" data-settings=\"{&quot;background_background&quot;:&quot;classic&quot;,&quot;_ha_eqh_enable&quot;:false}\">\n\t\t\t\t<div class=\"elementor-element elementor-element-8d0868f elementor-widget elementor-widget-heading\" data-id=\"8d0868f\" data-element_type=\"widget\" data-widget_type=\"heading.default\">\n\t\t\t\t<div class=\"elementor-widget-container\">\n\t\t\t\t\t<h2 class=\"elementor-heading-title elementor-size-default\">Sustentabilidade e Comunidade<\/h2>\t\t\t\t<\/div>\n\t\t\t\t<\/div>\n\t\t\t\t<div class=\"elementor-element elementor-element-a6fb585 elementor-widget elementor-widget-text-editor\" data-id=\"a6fb585\" data-element_type=\"widget\" data-widget_type=\"text-editor.default\">\n\t\t\t\t<div class=\"elementor-widget-container\">\n\t\t\t\t\t\t\t\t\t<p>Comprometidos com a sustentabilidade e o bem-estar da comunidade local, o Quinta do Sul Hotel Pousada adota pr\u00e1ticas ambientais respons\u00e1veis e apoia iniciativas locais, nosso objetivo \u00e9 n\u00e3o apenas proporcionar uma experi\u00eancia excepcional aos h\u00f3spedes, mas tamb\u00e9m contribuir positivamente para o meio ambiente e a sociedade.<\/p>\t\t\t\t\t\t\t\t<\/div>\n\t\t\t\t<\/div>\n\t\t\t\t<\/div>\n\t\t<div class=\"elementor-element elementor-element-6f43d93 e-con-full e-flex e-con e-parent\" data-id=\"6f43d93\" data-element_type=\"container\" data-settings=\"{&quot;background_background&quot;:&quot;classic&quot;,&quot;_ha_eqh_enable&quot;:false}\">\n\t\t\t\t<div class=\"elementor-element elementor-element-2d512c2 elementor-widget elementor-widget-heading\" data-id=\"2d512c2\" data-element_type=\"widget\" data-widget_type=\"heading.default\">\n\t\t\t\t<div class=\"elementor-widget-container\">\n\t\t\t\t\t<h2 class=\"elementor-heading-title elementor-size-default\">Convidamos Voc\u00ea<\/h2>\t\t\t\t<\/div>\n\t\t\t\t<\/div>\n\t\t\t\t<div class=\"elementor-element elementor-element-70e8a46 elementor-widget elementor-widget-text-editor\" data-id=\"70e8a46\" data-element_type=\"widget\" data-widget_type=\"text-editor.default\">\n\t\t\t\t<div class=\"elementor-widget-container\">\n\t\t\t\t\t\t\t\t\t<p>Seja para uma viagem a trabalho, uma aventura em fam\u00edlia ou um retiro tranquilo, o Quinta do Sul Hotel pousada est\u00e1 pronto para tornar sua estadia inesquec\u00edvel, convidamos voc\u00ea a explorar o encanto e a beleza de Caarap\u00f3-MS, enquanto desfruta do conforto e hospitalidade que s\u00f3 o Quinta do Sul pode oferecer.<\/p><p><strong>Venha viver essa experi\u00eancia conosco!<\/strong><\/p>\t\t\t\t\t\t\t\t<\/div>\n\t\t\t\t<\/div>\n\t\t\t\t<\/div>\n\t\t<div class=\"elementor-element elementor-element-9b19b35 e-con-full e-flex e-con e-parent\" data-id=\"9b19b35\" data-element_type=\"container\" data-settings=\"{&quot;background_background&quot;:&quot;classic&quot;,&quot;_ha_eqh_enable&quot;:false}\">\n\t\t\t\t<div class=\"elementor-element elementor-element-58eb97e elementor-widget elementor-widget-heading\" data-id=\"58eb97e\" data-element_type=\"widget\" data-widget_type=\"heading.default\">\n\t\t\t\t<div class=\"elementor-widget-container\">\n\t\t\t\t\t<h4 class=\"elementor-heading-title elementor-size-default\">Estamos prontos para te receber, venha nos Visitar!<\/h4>\t\t\t\t<\/div>\n\t\t\t\t<\/div>\n\t\t\t\t<div class=\"elementor-element elementor-element-c231c0b elementor-widget elementor-widget-google_maps\" data-id=\"c231c0b\" data-element_type=\"widget\" data-widget_type=\"google_maps.default\">\n\t\t\t\t<div class=\"elementor-widget-container\">\n\t\t\t\t\t\t\t<div class=\"elementor-custom-embed\">\n\t\t\t<iframe loading=\"lazy\"\n\t\t\t\t\tsrc=\"https:\/\/maps.google.com\/maps?q=Quinta%20do%20Sul%20Hotel%20Pousada&#038;t=m&#038;z=16&#038;output=embed&#038;iwloc=near\"\n\t\t\t\t\ttitle=\"Quinta do Sul Hotel Pousada\"\n\t\t\t\t\taria-label=\"Quinta do Sul Hotel Pousada\"\n\t\t\t><\/iframe>\n\t\t<\/div>\n\t\t\t\t\t\t<\/div>\n\t\t\t\t<\/div>\n\t\t\t\t<\/div>\n\t\t<div class=\"elementor-element elementor-element-7c374c6 e-con-full e-flex e-con e-parent\" data-id=\"7c374c6\" data-element_type=\"container\" data-settings=\"{&quot;_ha_eqh_enable&quot;:false}\">\n\t\t\t\t<div class=\"elementor-element elementor-element-c806bbb elementor-widget elementor-widget-heading\" data-id=\"c806bbb\" data-element_type=\"widget\" data-widget_type=\"heading.default\">\n\t\t\t\t<div class=\"elementor-widget-container\">\n\t\t\t\t\t<h2 class=\"elementor-heading-title elementor-size-default\">Clique no bot\u00e3o a baixo e selecione a Su\u00edte ideal para voc\u00ea!<\/h2>\t\t\t\t<\/div>\n\t\t\t\t<\/div>\n\t\t\t\t<div class=\"elementor-element elementor-element-0d1cc37 elementor-align-justify elementor-widget__width-initial elementor-invisible elementor-widget elementor-widget-button\" data-id=\"0d1cc37\" data-element_type=\"widget\" data-settings=\"{&quot;_animation&quot;:&quot;bounceInDown&quot;}\" data-widget_type=\"button.default\">\n\t\t\t\t<div class=\"elementor-widget-container\">\n\t\t\t\t\t\t\t\t\t<div class=\"elementor-button-wrapper\">\n\t\t\t\t\t<a class=\"elementor-button elementor-button-link elementor-size-sm elementor-animation-float\" href=\"https:\/\/optimusdev.com.br\/hotelquintadosul\/suite\/\">\n\t\t\t\t\t\t<span class=\"elementor-button-content-wrapper\">\n\t\t\t\t\t\t\t\t\t<span class=\"elementor-button-text\">ESCOLHER SU\u00cdTE<\/span>\n\t\t\t\t\t<\/span>\n\t\t\t\t\t<\/a>\n\t\t\t\t<\/div>\n\t\t\t\t\t\t\t\t<\/div>\n\t\t\t\t<\/div>\n\t\t\t\t<\/div>\n\t\t\t\t<\/div>\n\t\t","protected":false},"excerpt":{"rendered":"<p>Na ess\u00eancia da nossa hospitalidade reside a arte de criar mem\u00f3rias inesquec\u00edveis! Sobre N\u00f3s Bem vindo(a) ao Quinta do Sul Hotel Pousada O charme e a serenidade encontram-se no cora\u00e7\u00e3o de Caarap\u00f3-MS, oferecendo uma experi\u00eancia \u00fanica de hospedagem, fundado em meados de 2007, o nosso hotel pousada \u00e9 o resultado da paix\u00e3o pela hospitalidade e [&hellip;]<\/p>\n","protected":false},"author":1,"featured_media":0,"parent":0,"menu_order":0,"comment_status":"closed","ping_status":"closed","template":"elementor_header_footer","meta":{"footnotes":""},"class_list":["post-29","page","type-page","status-publish","hentry"],"_links":{"self":[{"href":"https:\/\/optimusdev.com.br\/hotelquintadosul\/wp-json\/wp\/v2\/pages\/29","targetHints":{"allow":["GET"]}}],"collection":[{"href":"https:\/\/optimusdev.com.br\/hotelquintadosul\/wp-json\/wp\/v2\/pages"}],"about":[{"href":"https:\/\/optimusdev.com.br\/hotelquintadosul\/wp-json\/wp\/v2\/types\/page"}],"author":[{"embeddable":true,"href":"https:\/\/optimusdev.com.br\/hotelquintadosul\/wp-json\/wp\/v2\/users\/1"}],"replies":[{"embeddable":true,"href":"https:\/\/optimusdev.com.br\/hotelquintadosul\/wp-json\/wp\/v2\/comments?post=29"}],"version-history":[{"count":160,"href":"https:\/\/optimusdev.com.br\/hotelquintadosul\/wp-json\/wp\/v2\/pages\/29\/revisions"}],"predecessor-version":[{"id":1853,"href":"https:\/\/optimusdev.com.br\/hotelquintadosul\/wp-json\/wp\/v2\/pages\/29\/revisions\/1853"}],"wp:attachment":[{"href":"https:\/\/optimusdev.com.br\/hotelquintadosul\/wp-json\/wp\/v2\/media?parent=29"}],"curies":[{"name":"wp","href":"https:\/\/api.w.org\/{rel}","templated":true}]}}